{"id":404100,"date":"2021-02-25T23:57:51","date_gmt":"2021-02-25T22:57:51","guid":{"rendered":"https:\/\/www.bednar.com\/contact\/"},"modified":"2025-10-21T10:38:16","modified_gmt":"2025-10-21T08:38:16","slug":"contact","status":"publish","type":"page","link":"https:\/\/www.bednar.com\/ru\/%D0%BA%D0%BE%D0%BD%D1%82%D0%B0%D0%BA%D1%82\/","title":{"rendered":"\u041a\u043e\u043d\u0442\u0430\u043a\u0442"},"content":{"rendered":"","protected":false},"excerpt":{"rendered":"","protected":false},"author":1,"featured_media":0,"parent":0,"menu_order":0,"comment_status":"closed","ping_status":"closed","template":"","meta":{"_acf_changed":false,"footnotes":""},"class_list":["post-404100","page","type-page","status-publish","hentry"],"acf":{"item-bg":false,"item-bg_kop\u00edrovat":false,"item-bg-mobile":false,"item-youtube":"","item-title":"","fixed-title":"","item-desc":"","item-mach-desc":"","item-mach-config":"","item-mach-down":"","item-align":false,"item-code":"","google-map":"<script src=\"http:\/\/maps.google.com\/maps\/api\/js?key=AIzaSyAeFJewalo4oea2xyXKb--zR5HYk8gt_fA&sensor=false\" type=\"text\/javascript\"><\/script>\r\n<div id=\"map\" style=\"width: 100%; height: 100%;\"><\/div>\r\n<script>\r\n\t\t\r\n\tvar locations = [\r\n      ['Praha', 50.14943880305446, 14.586167537480247, 4],\r\n      ['Rychnov nad Kn\u011b\u017enou', 50.16307526552442, 16.30394308496866, 5],\r\n    ];\r\n\r\n    var map = new google.maps.Map(document.getElementById('map'), {\r\n      zoom: 8,\r\n      center: new google.maps.LatLng(50.30465472414226, 15.348094402086417),\r\n      mapTypeId: google.maps.MapTypeId.ROADMAP,\r\n\t  scrollwheel: false\r\n    });\r\n\r\n    var infowindow = new google.maps.InfoWindow();\r\n    var image = 'https:\/\/www.bednar.com\/wp-content\/themes\/bednar.com\/img\/bednar-marker.png';\r\n    var marker, i;\r\n\r\n    for (i = 0; i < locations.length; i++) {  \r\n      marker = new google.maps.Marker({\r\n        position: new google.maps.LatLng(locations[i][1], locations[i][2]),\r\n        map: map,\r\n\t\ticon: image\r\n      });\r\n\r\n      google.maps.event.addListener(marker, 'click', (function(marker, i) {\r\n        return function() {\r\n          infowindow.setContent(locations[i][0]);\r\n          infowindow.open(map, marker);\r\n        }\r\n      })(marker, i));\r\n    }\t\t\r\n\t\t\r\n    <\/script>","disable-header":false,"main-content":[{"acf_fc_layout":"section-content-four","item-max-width":"","item-content-1":"<div class=\"av-special-heading av-special-heading-h2 blockquote modern-quote avia-builder-el-17 el_after_av_hr el_before_av_image av-inherit-size \">\n<h2 class=\"av-special-heading-tag \">\u0424\u043e\u0440\u043c\u0430 \u043e\u0431\u0440\u0430\u0442\u043d\u043e\u0439 \u0441\u0432\u044f\u0437\u0438<\/h2>\n<\/div>\n\n<div class=\"wpcf7 no-js\" id=\"wpcf7-f355169-o1\" lang=\"ru-RU\" dir=\"ltr\" data-wpcf7-id=\"355169\">\n<div class=\"screen-reader-response\"><p role=\"status\" aria-live=\"polite\" aria-atomic=\"true\"><\/p> <ul><\/ul><\/div>\n<form action=\"\/ru\/wp-json\/wp\/v2\/pages\/404100#wpcf7-f355169-o1\" method=\"post\" class=\"wpcf7-form init\" aria-label=\"\u041a\u043e\u043d\u0442\u0430\u043a\u0442\u043d\u0430\u044f \u0444\u043e\u0440\u043c\u0430\" novalidate=\"novalidate\" data-status=\"init\">\n<div style=\"display: none;\">\n<input type=\"hidden\" name=\"_wpcf7\" value=\"355169\" \/>\n<input type=\"hidden\" name=\"_wpcf7_version\" value=\"6.0.6\" \/>\n<input type=\"hidden\" name=\"_wpcf7_locale\" value=\"ru_RU\" \/>\n<input type=\"hidden\" name=\"_wpcf7_unit_tag\" value=\"wpcf7-f355169-o1\" \/>\n<input type=\"hidden\" name=\"_wpcf7_container_post\" value=\"0\" \/>\n<input type=\"hidden\" name=\"_wpcf7_posted_data_hash\" value=\"\" \/>\n<input type=\"hidden\" name=\"_wpcf7dtx_version\" value=\"5.0.3\" \/>\n<input type=\"hidden\" name=\"_wpcf7_recaptcha_response\" value=\"\" \/>\n<\/div>\n<p><span class=\"wpcf7-form-control-wrap\" data-name=\"your-name\"><input size=\"40\" maxlength=\"400\" class=\"wpcf7-form-control wpcf7-text wpcf7-validates-as-required\" aria-required=\"true\" aria-invalid=\"false\" placeholder=\"\u0418\u043c\u044f*\" value=\"\" type=\"text\" name=\"your-name\" \/><\/span><br \/>\n<span class=\"wpcf7-form-control-wrap\" data-name=\"your-surname\"><input size=\"40\" maxlength=\"400\" class=\"wpcf7-form-control wpcf7-text wpcf7-validates-as-required\" aria-required=\"true\" aria-invalid=\"false\" placeholder=\"\u0424\u0430\u043c\u0438\u043b\u0438\u044f*\" value=\"\" type=\"text\" name=\"your-surname\" \/><\/span><br \/>\n<span class=\"wpcf7-form-control-wrap\" data-name=\"your-email\"><input size=\"40\" maxlength=\"400\" class=\"wpcf7-form-control wpcf7-email wpcf7-validates-as-required wpcf7-text wpcf7-validates-as-email\" aria-required=\"true\" aria-invalid=\"false\" placeholder=\"\u042d\u043b\u0435\u043a\u0442\u0440\u043e\u043d\u043d\u0430\u044f \u043f\u043e\u0447\u0442\u0430*\" value=\"\" type=\"email\" name=\"your-email\" \/><\/span><br \/>\n<span class=\"wpcf7-form-control-wrap\" data-name=\"your-message\"><textarea cols=\"40\" rows=\"10\" maxlength=\"2000\" class=\"wpcf7-form-control wpcf7-textarea wpcf7-validates-as-required\" aria-required=\"true\" aria-invalid=\"false\" placeholder=\"\u0421\u043e\u043e\u0431\u0449\u0435\u043d\u0438\u0435*\" name=\"your-message\"><\/textarea><\/span>\n<\/p>\n<p><span class=\"wpcf7-form-control-wrap\" data-name=\"terms\"><span class=\"wpcf7-form-control wpcf7-checkbox wpcf7-validates-as-required wpcf7-exclusive-checkbox\"><span class=\"wpcf7-list-item first last\"><label><input type=\"checkbox\" name=\"terms\" value=\"\u042f \u0437\u043d\u0430\u043a\u043e\u043c \u0441 \u041f\u043e\u043b\u0438\u0442\u0438\u043a\u043e\u0439 \u0437\u0430\u0449\u0438\u0442\u044b \u043f\u0435\u0440\u0441\u043e\u043d\u0430\u043b\u044c\u043d\u044b\u0445 \u0434\u0430\u043d\u043d\u044b\u0445 BEDNAR FMT, \u0434\u043e\u0441\u0442\u0443\u043f\u043d\u043e\u0439\" \/><span class=\"wpcf7-list-item-label\">\u042f \u0437\u043d\u0430\u043a\u043e\u043c \u0441 \u041f\u043e\u043b\u0438\u0442\u0438\u043a\u043e\u0439 \u0437\u0430\u0449\u0438\u0442\u044b \u043f\u0435\u0440\u0441\u043e\u043d\u0430\u043b\u044c\u043d\u044b\u0445 \u0434\u0430\u043d\u043d\u044b\u0445 BEDNAR FMT, \u0434\u043e\u0441\u0442\u0443\u043f\u043d\u043e\u0439<\/span><\/label><\/span><\/span><\/span><a href=\"https:\/\/www.bednar.com\/ru\/principles-of-personal-data-protection\/\" target=\"_blank\">\u0437\u0434\u0435\u0441\u044c<\/a>.*\n<\/p>\n<p><input class=\"wpcf7-form-control wpcf7-submit has-spinner\" type=\"submit\" value=\"\u041e\u0442\u043f\u0440\u0430\u0432\u0438\u0442\u044c\" \/>\n<\/p><div class=\"wpcf7-response-output\" aria-hidden=\"true\"><\/div>\n<\/form>\n<\/div>\n\n","item-content-2":"<h2 class=\"av-special-heading-tag \">PRAHA<\/h2>\n<p><img loading=\"lazy\" decoding=\"async\" class=\"alignnone size-full wp-image-404134\" src=\"https:\/\/www.bednar.com\/wp-content\/uploads\/obecne-stranky\/kontakt\/img_6247.jpg\" alt=\"\" width=\"600\" height=\"300\" srcset=\"https:\/\/www.bednar.com\/wp-content\/uploads\/obecne-stranky\/kontakt\/img_6247.jpg 600w, https:\/\/www.bednar.com\/wp-content\/uploads\/obecne-stranky\/kontakt\/img_6247-300x150.jpg 300w\" sizes=\"auto, (max-width: 600px) 100vw, 600px\" \/><\/p>\n<p><strong>BEDNAR FMT s.r.o.<\/strong><br \/>\nLohenick\u00e1 607<br \/>\n190 17 Praha 9 Vino\u0159<br \/>\nI\u010c \/ DI\u010c: 25098781 \/ CZ25098781<br \/>\n\u0427\u0435\u0448\u0441\u043a\u0430\u044f \u0420\u0435\u0441\u043f\u0443\u0431\u043b\u0438\u043a\u0430<\/p>\n<p class=\"line phone\">+420 226 521 455 (po-p\u00e1, 8-16)<\/p>\n<p class=\"line fax\">Fax: +420 286 852 841<\/p>\n<p class=\"line email\">info@bednar.com<\/p>\n","item-content-3":"<h2 class=\"av-special-heading-tag \">RYCHNOV NAD KN\u011a\u017dNOU<\/h2>\n<p><img loading=\"lazy\" decoding=\"async\" class=\"alignnone size-full wp-image-404101\" src=\"https:\/\/www.bednar.com\/wp-content\/uploads\/obecne-stranky\/kontakt\/19l4693_tiskova_zprava_duben_2020.jpg\" alt=\"\" width=\"600\" height=\"300\" srcset=\"https:\/\/www.bednar.com\/wp-content\/uploads\/obecne-stranky\/kontakt\/19l4693_tiskova_zprava_duben_2020.jpg 600w, https:\/\/www.bednar.com\/wp-content\/uploads\/obecne-stranky\/kontakt\/19l4693_tiskova_zprava_duben_2020-300x150.jpg 300w\" sizes=\"auto, (max-width: 600px) 100vw, 600px\" \/><\/p>\n<p><strong>BEDNAR FMT s.r.o.<\/strong><br \/>\nDlouh\u00e1 Ves 188<br \/>\n516 01 Rychnov nad Kn\u011b\u017enou<br \/>\nI\u010c \/ DI\u010c: 25098781 \/ CZ25098781<br \/>\n\u0427\u0435\u0448\u0441\u043a\u0430\u044f \u0420\u0435\u0441\u043f\u0443\u0431\u043b\u0438\u043a\u0430<\/p>\n<p class=\"line phone\">+420 226 521 455 (po-p\u00e1, 8-14)<\/p>\n<p class=\"line fax\">Fax: +420 286 852 841<\/p>\n<p class=\"line email\">info@bednar.com<\/p>\n","item-content-4":""},{"acf_fc_layout":"sections-buttons-list","sections-buttons-title":false,"item-title":"","buttons":[{"item-button-name":"\u0414\u0438\u0441\u0442\u0440\u0438\u0431\u044c\u044e\u0442\u043e\u0440\u0441\u043a\u0430\u044f \u0441\u0435\u0442\u044c","item-button-url":"","item-button-url-int":false,"item-button-icon":false,"item-button-target":false,"item-button-scroll":false},{"item-button-name":"\u041e\u0442\u0434\u0435\u043b \u043f\u0440\u043e\u0434\u0430\u0436","item-button-url":"","item-button-url-int":false,"item-button-icon":false,"item-button-target":false,"item-button-scroll":false}]},{"acf_fc_layout":"section-contacts","contacts-ids":[318889,393445,392794,392796,392795,392797,392798,392799],"contacts-show-photos":false,"contacts-remove-cats-title":false,"contacts-full-width":false,"contacts-center-align":false}],"nav-main-cat":false,"nav-sub-cat":false,"_aviaLayoutBuilderCleanData":"","page-type":"other","pageGroup":"kontakt","post-new-website":false},"rankMath":{"parentDomain":"www.bednar.com","noFollowDomains":[],"noFollowExcludeDomains":[],"noFollowExternalLinks":false,"featuredImageNotice":"\u041f\u043e\u043a\u0430\u0437\u0430\u043d\u043d\u043e\u0435 \u0438\u0437\u043e\u0431\u0440\u0430\u0436\u0435\u043d\u0438\u0435 \u0434\u043e\u043b\u0436\u043d\u043e \u0431\u044b\u0442\u044c \u0440\u0430\u0437\u043c\u0435\u0440\u043e\u043c \u043d\u0435 \u043c\u0435\u043d\u0435\u0435 200 \u043d\u0430 200 \u043f\u0438\u043a\u0441\u0435\u043b\u0435\u0439, \u0447\u0442\u043e\u0431\u044b \u0435\u0433\u043e \u043c\u043e\u0433\u043b\u0438 \u0443\u0432\u0438\u0434\u0435\u0442\u044c Facebook \u0438 \u0434\u0440\u0443\u0433\u0438\u0435 \u0441\u0430\u0439\u0442\u044b \u0441\u043e\u0446\u0438\u0430\u043b\u044c\u043d\u044b\u0445 \u0441\u0435\u0442\u0435\u0439.","pluginReviewed":true,"postSettings":{"linkSuggestions":true,"useFocusKeyword":false},"frontEndScore":false,"postName":"contact","permalinkFormat":"https:\/\/www.bednar.com\/ru\/%D0%BA%D0%BE%D0%BD%D1%82%D0%B0%D0%BA%D1%82\/","showLockModifiedDate":true,"assessor":{"focusKeywordLink":"https:\/\/www.bednar.com\/wp-admin\/edit.php?focus_keyword=%focus_keyword%&post_type=%post_type%","hasTOCPlugin":false,"primaryTaxonomy":false,"serpData":{"title":"","description":"","focusKeywords":"","pillarContent":false,"canonicalUrl":"","breadcrumbTitle":"","advancedRobots":{"max-snippet":"-1","max-video-preview":"-1","max-image-preview":"large"},"facebookTitle":"","facebookDescription":"","facebookImage":"","facebookImageID":"","facebookHasOverlay":false,"facebookImageOverlay":"play","facebookAuthor":"","twitterCardType":"summary_large_image","twitterUseFacebook":true,"twitterTitle":"","twitterDescription":"","twitterImage":"","twitterImageID":"","twitterHasOverlay":false,"twitterImageOverlay":"play","twitterPlayerUrl":"","twitterPlayerSize":"","twitterPlayerStream":"","twitterPlayerStreamCtype":"","twitterAppDescription":"","twitterAppIphoneName":"","twitterAppIphoneID":"","twitterAppIphoneUrl":"","twitterAppIpadName":"","twitterAppIpadID":"","twitterAppIpadUrl":"","twitterAppGoogleplayName":"","twitterAppGoogleplayID":"","twitterAppGoogleplayUrl":"","twitterAppCountry":"","robots":{"index":true},"twitterAuthor":"\u0438\u043c\u044f \u043f\u043e\u043b\u044c\u0437\u043e\u0432\u0430\u0442\u0435\u043b\u044f","primaryTerm":0,"authorName":"Tom\u00e1\u0161 Ga\u017e\u016fr","titleTemplate":"%title% %sep% %sitename%","descriptionTemplate":"%excerpt%","showScoreFrontend":true,"lockModifiedDate":false},"powerWords":[],"diacritics":{"A":"[\\u0410\\u0430]","B":"[\\u0411\\u0431]","V":"[\\u0412\\u0432]","G":"[\\u0413\\u0433]","D":"[\\u0414\\u0434]","YE":"[\\u0415\\u0435]","YO":"[\\u0401\\u0451]","ZH":"[\\u0416\\u0436]","Z":"[\\u0417\\u0437]","EE":"[\\u0418\\u0438]","YI":"[\\u0419\\u0439]","K":"[\\u041A\\u043A]","L":"[\\u041B\\u043B]","M":"[\\u041C\\u043c]","P":"[\\u041F\\u043F]","T":"[\\u0422\\u0442]","U":"[\\u0423\\u0443]","F":"[\\u0424\\u0444]","H":"[\\u0425\\u0445]","TS":"[\\u0426\\u0446]","CH":"[\\u0427\\u0447]","SH":"[\\u0428\\u0448\\u0429\\u0449]","I":"[\\u042B\\u044B]","E":"[\\u042D\\u044D]","YU":"[\\u042E\\u044E]","YA":"[\\u042F\\u044F]","N":"[\\u041D\\u043D]"},"researchesTests":["contentHasTOC","contentHasShortParagraphs","contentHasAssets","keywordInTitle","keywordInMetaDescription","keywordInPermalink","keywordIn10Percent","keywordInContent","keywordInSubheadings","keywordInImageAlt","keywordDensity","keywordNotUsed","lengthContent","lengthPermalink","linksHasInternal","linksHasExternals","linksNotAllExternals","titleStartWithKeyword","titleSentiment","titleHasPowerWords","titleHasNumber","hasContentAI"],"hasRedirection":true,"hasBreadcrumb":false},"homeUrl":"https:\/\/www.bednar.com\/ru\/","objectID":404100,"objectType":"post","locale":"ru","localeFull":"ru_RU","overlayImages":{"play":{"name":"Play \u0438\u043a\u043e\u043d\u043a\u0430","url":"https:\/\/www.bednar.com\/wp-content\/plugins\/seo-by-rank-math\/assets\/admin\/img\/icon-play.png","path":"\/var\/www\/html\/wp-content\/plugins\/seo-by-rank-math\/assets\/admin\/img\/icon-play.png","position":"middle_center"},"gif":{"name":"GIF \u0438\u043a\u043e\u043d\u043a\u0430","url":"https:\/\/www.bednar.com\/wp-content\/plugins\/seo-by-rank-math\/assets\/admin\/img\/icon-gif.png","path":"\/var\/www\/html\/wp-content\/plugins\/seo-by-rank-math\/assets\/admin\/img\/icon-gif.png","position":"middle_center"}},"defautOgImage":"https:\/\/www.bednar.com\/wp-content\/plugins\/seo-by-rank-math\/assets\/admin\/img\/social-placeholder.jpg","customPermalinks":true,"isUserRegistered":true,"autoSuggestKeywords":true,"connectSiteUrl":"https:\/\/rankmath.com\/auth?site=https%3A%2F%2Fwww.bednar.com%2Fru%2F&r=https%3A%2F%2Fwww.bednar.com%2Fru%2Fwp-json%2Fwp%2Fv2%2Fpages%2F404100%3Fnonce%3D868a0a79a9","maxTags":5,"trendsIcon":"<svg viewBox=\"0 0 610 610\"><path d=\"M18.85,446,174.32,290.48l58.08,58.08L76.93,504a14.54,14.54,0,0,1-20.55,0L18.83,466.48a14.54,14.54,0,0,1,0-20.55Z\" style=\"fill:#4285f4\"\/><path d=\"M242.65,242.66,377.59,377.6l-47.75,47.75a14.54,14.54,0,0,1-20.55,0L174.37,290.43l47.75-47.75A14.52,14.52,0,0,1,242.65,242.66Z\" style=\"fill:#ea4335\"\/><polygon points=\"319.53 319.53 479.26 159.8 537.34 217.88 377.61 377.62 319.53 319.53\" style=\"fill:#fabb05\"\/><path d=\"M594.26,262.73V118.61h0a16.94,16.94,0,0,0-16.94-16.94H433.2a16.94,16.94,0,0,0-12,28.92L565.34,274.71h0a16.94,16.94,0,0,0,28.92-12Z\" style=\"fill:#34a853\"\/><rect width=\"610\" height=\"610\" style=\"fill:none\"\/><\/svg>","showScore":true,"siteFavIcon":"https:\/\/www.bednar.com\/wp-content\/uploads\/cropped-favicon_bednar-32x32.png","canUser":{"general":false,"advanced":false,"snippet":false,"social":false,"analysis":false,"analytics":false,"content_ai":false},"showKeywordIntent":true,"isPro":false,"is_front_page":false,"trendsUpgradeLink":"https:\/\/rankmath.com\/pricing\/?utm_source=Plugin&utm_medium=CE%20General%20Tab%20Trends&utm_campaign=WP","trendsUpgradeLabel":"\u0410\u043f\u0433\u0440\u0435\u0439\u0434","trendsPreviewImage":"https:\/\/www.bednar.com\/wp-content\/plugins\/seo-by-rank-math\/assets\/admin\/img\/trends-preview.jpg","currentEditor":false,"homepageData":{"assessor":{"powerWords":[],"diacritics":true,"researchesTests":["contentHasTOC","contentHasShortParagraphs","contentHasAssets","keywordInTitle","keywordInMetaDescription","keywordInPermalink","keywordIn10Percent","keywordInContent","keywordInSubheadings","keywordInImageAlt","keywordDensity","keywordNotUsed","lengthContent","lengthPermalink","linksHasInternal","linksHasExternals","linksNotAllExternals","titleStartWithKeyword","titleSentiment","titleHasPowerWords","titleHasNumber","hasContentAI"],"hasBreadcrumb":false,"serpData":{"title":"%sitename% %page% %sep% %sitedesc%","description":"","titleTemplate":"%sitename% %page% %sep% %sitedesc%","descriptionTemplate":"","focusKeywords":"","breadcrumbTitle":"\u041d\u0430 \u0433\u043b\u0430\u0432\u043d\u0443\u044e","robots":{"index":true},"advancedRobots":{"max-snippet":"-1","max-video-preview":"-1","max-image-preview":"large"},"facebookTitle":"","facebookDescription":"","facebookImage":"","facebookImageID":""}}},"tocTitle":"Table of Contents","tocExcludeHeadings":[],"listStyle":"ul"},"_links":{"self":[{"href":"https:\/\/www.bednar.com\/ru\/wp-json\/wp\/v2\/pages\/404100","targetHints":{"allow":["GET"]}}],"collection":[{"href":"https:\/\/www.bednar.com\/ru\/wp-json\/wp\/v2\/pages"}],"about":[{"href":"https:\/\/www.bednar.com\/ru\/wp-json\/wp\/v2\/types\/page"}],"author":[{"embeddable":true,"href":"https:\/\/www.bednar.com\/ru\/wp-json\/wp\/v2\/users\/1"}],"replies":[{"embeddable":true,"href":"https:\/\/www.bednar.com\/ru\/wp-json\/wp\/v2\/comments?post=404100"}],"version-history":[{"count":4,"href":"https:\/\/www.bednar.com\/ru\/wp-json\/wp\/v2\/pages\/404100\/revisions"}],"predecessor-version":[{"id":633309,"href":"https:\/\/www.bednar.com\/ru\/wp-json\/wp\/v2\/pages\/404100\/revisions\/633309"}],"wp:attachment":[{"href":"https:\/\/www.bednar.com\/ru\/wp-json\/wp\/v2\/media?parent=404100"}],"curies":[{"name":"wp","href":"https:\/\/api.w.org\/{rel}","templated":true}]}}