{"id":368200,"date":"2021-02-25T22:14:04","date_gmt":"2021-02-25T21:14:04","guid":{"rendered":"https:\/\/www.bednar.com\/service\/"},"modified":"2024-08-13T16:28:55","modified_gmt":"2024-08-13T14:28:55","slug":"service","status":"publish","type":"page","link":"https:\/\/www.bednar.com\/ru\/%D1%81%D0%B5%D1%80%D0%B2%D0%B8%D1%81%D0%BD%D1%8B%D0%B5-%D1%81%D0%BB%D1%83%D0%B6%D0%B1%D1%8B\/","title":{"rendered":"\u0421\u0435\u0440\u0432\u0438\u0441\u043d\u044b\u0435 \u0441\u043b\u0443\u0436\u0431\u044b"},"content":{"rendered":"","protected":false},"excerpt":{"rendered":"<p>BEDNAR \u043f\u0440\u0435\u0434\u043e\u0441\u0442\u0430\u0432\u043b\u044f\u0435\u0442 \u043d\u0435 \u0442\u043e\u043b\u044c\u043a\u043e \u0442\u0435\u0445\u043d\u0438\u0447\u0435\u0441\u043a\u0438 \u0441\u043e\u0432\u0435\u0440\u0448\u0435\u043d\u043d\u0443\u044e \u043c\u0430\u0448\u0438\u043d\u0443, \u043d\u043e \u0438 \u043e\u0431\u0448\u0438\u0440\u043d\u0443\u044e \u0441\u0435\u0442\u044c \u043e\u0431\u0441\u043b\u0443\u0436\u0438\u0432\u0430\u043d\u0438\u044f, \u043e\u0442\u043b\u0438\u0447\u0430\u044e\u0449\u0443\u044e\u0441\u044f \u0441\u043a\u043e\u0440\u043e\u0441\u0442\u044c\u044e, \u043d\u0430\u0434\u0435\u0436\u043d\u043e\u0441\u0442\u044c\u044e \u0438 \u043a\u0430\u0447\u0435\u0441\u0442\u0432\u043e\u043c.<\/p>\n","protected":false},"author":1,"featured_media":0,"parent":0,"menu_order":0,"comment_status":"closed","ping_status":"closed","template":"","meta":{"_acf_changed":false,"footnotes":""},"class_list":["post-368200","page","type-page","status-publish","hentry"],"acf":{"item-bg":368232,"item-bg-mobile":false,"item-youtube":"","item-title":"","fixed-title":"","item-desc":"","item-mach-desc":"","item-mach-config":"","item-mach-down":"","item-align":false,"item-code":"","google-map":"","disable-header":false,"main-content":[{"acf_fc_layout":"section-title","item-title":"\u041e\u041f\u0415\u0420\u0410\u0422\u0418\u0412\u041d\u041e\u0421\u0422\u042c, \u041d\u0410\u0414\u0415\u0416\u041d\u041e\u0421\u0422\u042c, \u041a\u0410\u0427\u0415\u0421\u0422\u0412\u041e \u0418 \u0423\u0414\u041e\u0412\u041b\u0415\u0422\u0412\u041e\u0420\u0415\u041d\u041d\u041e\u0421\u0422\u042c \u041a\u041b\u0418\u0415\u041d\u0422\u0410","item-desc":"<p>\u041e\u0431\u0441\u043b\u0443\u0436\u0438\u0432\u0430\u043d\u0438\u0435 \u043a\u043b\u0438\u0435\u043d\u0442\u043e\u0432 \u044f\u0432\u043b\u044f\u044e\u0442\u0441\u044f \u043e\u0434\u043d\u0438\u043c\u0438 \u0438\u0437 \u043d\u0430\u0438\u0431\u043e\u043b\u0435\u0435 \u0432\u0430\u0436\u043d\u044b\u0445 \u043d\u0430\u043f\u0440\u0430\u0432\u043b\u0435\u043d\u0438\u0439 \u0434\u0435\u044f\u0442\u0435\u043b\u044c\u043d\u043e\u0441\u0442\u0438 \u043d\u0430\u0448\u0435\u0439 \u043a\u043e\u043c\u043f\u0430\u043d\u0438\u0438.<\/p>\n","item-mach-par":false},{"acf_fc_layout":"sections-buttons-list","sections-buttons-title":false,"item-title":"","buttons":[{"item-button-name":"BEDNAR SERVICE PORTAL","item-button-url":"https:\/\/portal.bednar.com\/Account\/LogOn?ReturnUrl=%2fBednarAdhoc%2fAgenda%3fname%3dservice&name=service","item-button-url-int":false,"item-button-icon":"https:\/\/www.bednar.com\/wp-content\/uploads\/obecne-stranky\/ikony\/service_portal.svg","item-button-target":true,"item-button-scroll":false},{"item-button-name":"BEDNAR CLOUD","item-button-url":"https:\/\/bednarcloud.com\/index.php\/login","item-button-url-int":false,"item-button-icon":"https:\/\/www.bednar.com\/wp-content\/uploads\/obecne-stranky\/ikony\/cloud.svg","item-button-target":true,"item-button-scroll":false},{"item-button-name":"\u0414\u0418\u0421\u0422\u0420\u0418\u0411\u042c\u042e\u0422\u041e\u0420\u0421\u041a\u0410\u042f \u0421\u0415\u0422\u042c","item-button-url":"#section-6","item-button-url-int":false,"item-button-icon":"https:\/\/www.bednar.com\/wp-content\/uploads\/obecne-stranky\/ikony\/najit_distributora.svg","item-button-target":false,"item-button-scroll":true}]},{"acf_fc_layout":"section-content","item-icon":false,"item-subtitle":"","item-title":"\u041e\u0411\u0421\u041b\u0423\u0416\u0418\u0412\u0410\u041d\u0418\u0415 \u041a\u041b\u0418\u0415\u041d\u0422\u041e\u0412 \u042f\u0412\u041b\u042f\u042e\u0422\u0421\u042f \u041e\u0414\u041d\u0418\u041c\u0418 \u0418\u0417 \u041d\u0410\u0418\u0411\u041e\u041b\u0415\u0415 \u0412\u0410\u0416\u041d\u042b\u0425 \u041d\u0410\u041f\u0420\u0410\u0412\u041b\u0415\u041d\u0418\u0419 \u0414\u0415\u042f\u0422\u0415\u041b\u042c\u041d\u041e\u0421\u0422\u0418 \u041d\u0410\u0428\u0415\u0419 \u041a\u041e\u041c\u041f\u0410\u041d\u0418\u0418.","item-photo":353002,"item-video-id":"","item-content":"<p>\u0412\u043c\u0435\u0441\u0442\u0435 \u0441 \u0430\u0432\u0442\u043e\u0440\u0438\u0437\u043e\u0432\u0430\u043d\u043d\u044b\u043c\u0438 \u0434\u0438\u043b\u0435\u0440\u0441\u043a\u0438\u043c\u0438 \u0441\u043b\u0443\u0436\u0431\u0430\u043c\u0438, \u043c\u044b \u043f\u043e\u0437\u0430\u0431\u043e\u0442\u0438\u043c\u0441\u044f \u043e \u043f\u043e\u043b\u043d\u043e\u043c \u0438 \u0441\u0432\u043e\u0435\u0432\u0440\u0435\u043c\u0435\u043d\u043d\u043e\u043c \u043e\u0431\u0441\u043b\u0443\u0436\u0438\u0432\u0430\u043d\u0438\u0438 \u043c\u0430\u0448\u0438\u043d \u0434\u043b\u044f \u043c\u0430\u043a\u0441\u0438\u043c\u0430\u043b\u044c\u043d\u043e\u0433\u043e \u0443\u0434\u043e\u0432\u043b\u0435\u0442\u0432\u043e\u0440\u0435\u043d\u0438\u044f \u0438\u043d\u0442\u0435\u0440\u0435\u0441\u043e\u0432 \u043a\u043b\u0438\u0435\u043d\u0442\u043e\u0432. \u0414\u0438\u043b\u0435\u0440\u0441\u043a\u0430\u044f \u0441\u0435\u0442\u044c \u043f\u043e\u043b\u043d\u043e\u0441\u0442\u044c\u044e \u043f\u043e\u0434\u0434\u0435\u0440\u0436\u0438\u0432\u0430\u0435\u0442\u0441\u044f \u043d\u0430\u0448\u0435\u0439 \u0441\u0435\u0440\u0432\u0438\u0441\u043d\u043e\u0439 \u043a\u043e\u043c\u0430\u043d\u0434\u043e\u0439, \u0438 \u0432\u043c\u0435\u0441\u0442\u0435 \u043c\u044b \u0441\u043e\u0437\u0434\u0430\u0435\u043c \u0438\u0434\u0435\u0430\u043b\u044c\u043d\u0443\u044e \u0441\u0440\u0435\u0434\u0443 \u0434\u043b\u044f \u043a\u043b\u0438\u0435\u043d\u0442\u043e\u0432. \u0412\u044b \u043f\u043e\u043b\u0443\u0447\u0438\u0442\u0435 \u043d\u0430\u0448\u0435 \u043f\u0440\u043e\u0444\u0435\u0441\u0441\u0438\u043e\u043d\u0430\u043b\u044c\u043d\u043e\u0435 \u043e\u0442\u043d\u043e\u0448\u0435\u043d\u0438\u0435 \u0438 \u044d\u043a\u0441\u043f\u0435\u0440\u0442\u043d\u044b\u0435 \u043a\u043e\u043d\u0441\u0443\u043b\u044c\u0442\u0430\u0446\u0438\u0438. \u0421\u0435\u0440\u0432\u0438\u0441\u043d\u0430\u044f \u043a\u043e\u043c\u0430\u043d\u0434\u0430 \u0441\u043e\u0441\u0442\u043e\u0438\u0442 \u0438\u0437 \u0433\u0440\u0443\u043f\u043f\u044b \u044d\u043a\u0441\u043f\u0435\u0440\u0442\u043e\u0432, \u043a\u043e\u0442\u043e\u0440\u044b\u0435 \u043f\u0440\u043e\u0445\u043e\u0434\u044f\u0442 \u0440\u0435\u0433\u0443\u043b\u044f\u0440\u043d\u043e\u0435 \u043e\u0431\u0443\u0447\u0435\u043d\u0438\u0435.<\/p>\n","item-button":"","item-button-url":"","item-button-url-int":false,"item-button-class":"","tabs":false,"toggles":false,"gallery":false},{"acf_fc_layout":"section-content","item-icon":false,"item-subtitle":"","item-title":"\u041c\u042b \u0420\u0415\u0413\u0423\u041b\u042f\u0420\u041d\u041e \u041e\u0420\u0413\u0410\u041d\u0418\u0417\u0423\u0415\u041c \u041e\u0411\u0423\u0427\u0415\u041d\u0418\u042f \u0414\u041b\u042f \u041d\u0410\u0428\u0418\u0425 \u0414\u0418\u041b\u0415\u0420\u041e\u0412","item-photo":353790,"item-video-id":"","item-content":"<p>BEDNAR FMT \u0440\u0435\u0433\u0443\u043b\u044f\u0440\u043d\u043e \u043e\u0440\u0433\u0430\u043d\u0438\u0437\u0443\u0435\u0442 \u0442\u0440\u0435\u043d\u0438\u043d\u0433\u0438, \u043e\u0440\u0438\u0435\u043d\u0442\u0438\u0440\u043e\u0432\u0430\u043d\u043d\u044b\u0435 \u043d\u0430 \u043f\u043e\u0440\u0442\u0444\u043e\u043b\u0438\u043e \u043d\u0430\u0448\u0438\u0445 \u043f\u0440\u043e\u0434\u0443\u043a\u0442\u043e\u0432, \u0438 \u0440\u0430\u0441\u0448\u0438\u0440\u044f\u0435\u0442 \u0437\u043d\u0430\u043d\u0438\u044f \u0434\u0438\u043b\u0435\u0440\u043e\u0432. \u041f\u043e\u0441\u043b\u0435 \u044d\u0442\u043e\u0433\u043e \u0434\u0438\u043b\u0435\u0440\u044b \u043c\u043e\u0433\u0443\u0442 \u043e\u0431\u0435\u0441\u043f\u0435\u0447\u0438\u0442\u044c \u043f\u0440\u0435\u0434\u043f\u0440\u043e\u0434\u0430\u0436\u043d\u043e\u0435 \u0438 \u0442\u0435\u043a\u0443\u0449\u0435\u0435 \u043e\u0431\u0441\u043b\u0443\u0436\u0438\u0432\u0430\u043d\u0438\u0435 \u043c\u0430\u0448\u0438\u043d \u0438 \u043e\u0431\u0443\u0447\u0435\u043d\u0438\u0435 \u043e\u043f\u0435\u0440\u0430\u0442\u043e\u0440\u043e\u0432.<\/p>\n","item-button":"","item-button-url":"","item-button-url-int":false,"item-button-class":"","tabs":false,"toggles":false,"gallery":false},{"acf_fc_layout":"section-contacts","contacts-ids":[318928,318929],"contacts-show-photos":false,"contacts-remove-cats-title":true,"contacts-full-width":true,"contacts-center-align":true},{"acf_fc_layout":"sections-distribution"}],"nav-main-cat":false,"nav-sub-cat":false,"_aviaLayoutBuilderCleanData":"","page-type":"other","pageGroup":"","post-new-website":false},"rankMath":{"parentDomain":"www.bednar.com","noFollowDomains":[],"noFollowExcludeDomains":[],"noFollowExternalLinks":false,"featuredImageNotice":"\u041f\u043e\u043a\u0430\u0437\u0430\u043d\u043d\u043e\u0435 \u0438\u0437\u043e\u0431\u0440\u0430\u0436\u0435\u043d\u0438\u0435 \u0434\u043e\u043b\u0436\u043d\u043e \u0431\u044b\u0442\u044c \u0440\u0430\u0437\u043c\u0435\u0440\u043e\u043c \u043d\u0435 \u043c\u0435\u043d\u0435\u0435 200 \u043d\u0430 200 \u043f\u0438\u043a\u0441\u0435\u043b\u0435\u0439, \u0447\u0442\u043e\u0431\u044b \u0435\u0433\u043e \u043c\u043e\u0433\u043b\u0438 \u0443\u0432\u0438\u0434\u0435\u0442\u044c Facebook \u0438 \u0434\u0440\u0443\u0433\u0438\u0435 \u0441\u0430\u0439\u0442\u044b \u0441\u043e\u0446\u0438\u0430\u043b\u044c\u043d\u044b\u0445 \u0441\u0435\u0442\u0435\u0439.","pluginReviewed":true,"postSettings":{"linkSuggestions":true,"useFocusKeyword":false},"frontEndScore":false,"postName":"service","permalinkFormat":"https:\/\/www.bednar.com\/ru\/%D1%81%D0%B5%D1%80%D0%B2%D0%B8%D1%81%D0%BD%D1%8B%D0%B5-%D1%81%D0%BB%D1%83%D0%B6%D0%B1%D1%8B\/","showLockModifiedDate":true,"assessor":{"focusKeywordLink":"https:\/\/www.bednar.com\/wp-admin\/edit.php?focus_keyword=%focus_keyword%&post_type=%post_type%","hasTOCPlugin":false,"primaryTaxonomy":false,"serpData":{"title":"","description":"","focusKeywords":"","pillarContent":false,"canonicalUrl":"","breadcrumbTitle":"","advancedRobots":{"max-snippet":"-1","max-video-preview":"-1","max-image-preview":"large"},"facebookTitle":"","facebookDescription":"","facebookImage":"","facebookImageID":"","facebookHasOverlay":false,"facebookImageOverlay":"play","facebookAuthor":"","twitterCardType":"summary_large_image","twitterUseFacebook":true,"twitterTitle":"","twitterDescription":"","twitterImage":"","twitterImageID":"","twitterHasOverlay":false,"twitterImageOverlay":"play","twitterPlayerUrl":"","twitterPlayerSize":"","twitterPlayerStream":"","twitterPlayerStreamCtype":"","twitterAppDescription":"","twitterAppIphoneName":"","twitterAppIphoneID":"","twitterAppIphoneUrl":"","twitterAppIpadName":"","twitterAppIpadID":"","twitterAppIpadUrl":"","twitterAppGoogleplayName":"","twitterAppGoogleplayID":"","twitterAppGoogleplayUrl":"","twitterAppCountry":"","robots":{"index":true},"twitterAuthor":"\u0438\u043c\u044f \u043f\u043e\u043b\u044c\u0437\u043e\u0432\u0430\u0442\u0435\u043b\u044f","primaryTerm":0,"authorName":"Tom\u00e1\u0161 Ga\u017e\u016fr","titleTemplate":"%title% %sep% %sitename%","descriptionTemplate":"%excerpt%","showScoreFrontend":true,"lockModifiedDate":false},"powerWords":[],"diacritics":{"A":"[\\u0410\\u0430]","B":"[\\u0411\\u0431]","V":"[\\u0412\\u0432]","G":"[\\u0413\\u0433]","D":"[\\u0414\\u0434]","YE":"[\\u0415\\u0435]","YO":"[\\u0401\\u0451]","ZH":"[\\u0416\\u0436]","Z":"[\\u0417\\u0437]","EE":"[\\u0418\\u0438]","YI":"[\\u0419\\u0439]","K":"[\\u041A\\u043A]","L":"[\\u041B\\u043B]","M":"[\\u041C\\u043c]","P":"[\\u041F\\u043F]","T":"[\\u0422\\u0442]","U":"[\\u0423\\u0443]","F":"[\\u0424\\u0444]","H":"[\\u0425\\u0445]","TS":"[\\u0426\\u0446]","CH":"[\\u0427\\u0447]","SH":"[\\u0428\\u0448\\u0429\\u0449]","I":"[\\u042B\\u044B]","E":"[\\u042D\\u044D]","YU":"[\\u042E\\u044E]","YA":"[\\u042F\\u044F]","N":"[\\u041D\\u043D]"},"researchesTests":["contentHasTOC","contentHasShortParagraphs","contentHasAssets","keywordInTitle","keywordInMetaDescription","keywordInPermalink","keywordIn10Percent","keywordInContent","keywordInSubheadings","keywordInImageAlt","keywordDensity","keywordNotUsed","lengthContent","lengthPermalink","linksHasInternal","linksHasExternals","linksNotAllExternals","titleStartWithKeyword","titleSentiment","titleHasPowerWords","titleHasNumber","hasContentAI"],"hasRedirection":true,"hasBreadcrumb":false},"homeUrl":"https:\/\/www.bednar.com\/ru\/","objectID":368200,"objectType":"post","locale":"ru","localeFull":"ru_RU","overlayImages":{"play":{"name":"Play \u0438\u043a\u043e\u043d\u043a\u0430","url":"https:\/\/www.bednar.com\/wp-content\/plugins\/seo-by-rank-math\/assets\/admin\/img\/icon-play.png","path":"\/var\/www\/html\/wp-content\/plugins\/seo-by-rank-math\/assets\/admin\/img\/icon-play.png","position":"middle_center"},"gif":{"name":"GIF \u0438\u043a\u043e\u043d\u043a\u0430","url":"https:\/\/www.bednar.com\/wp-content\/plugins\/seo-by-rank-math\/assets\/admin\/img\/icon-gif.png","path":"\/var\/www\/html\/wp-content\/plugins\/seo-by-rank-math\/assets\/admin\/img\/icon-gif.png","position":"middle_center"}},"defautOgImage":"https:\/\/www.bednar.com\/wp-content\/plugins\/seo-by-rank-math\/assets\/admin\/img\/social-placeholder.jpg","customPermalinks":true,"isUserRegistered":true,"autoSuggestKeywords":true,"connectSiteUrl":"https:\/\/rankmath.com\/auth?site=https%3A%2F%2Fwww.bednar.com%2Fru%2F&r=https%3A%2F%2Fwww.bednar.com%2Fru%2Fwp-json%2Fwp%2Fv2%2Fpages%2F368200%3Fnonce%3D95b51b3455","maxTags":5,"trendsIcon":"<svg viewBox=\"0 0 610 610\"><path d=\"M18.85,446,174.32,290.48l58.08,58.08L76.93,504a14.54,14.54,0,0,1-20.55,0L18.83,466.48a14.54,14.54,0,0,1,0-20.55Z\" style=\"fill:#4285f4\"\/><path d=\"M242.65,242.66,377.59,377.6l-47.75,47.75a14.54,14.54,0,0,1-20.55,0L174.37,290.43l47.75-47.75A14.52,14.52,0,0,1,242.65,242.66Z\" style=\"fill:#ea4335\"\/><polygon points=\"319.53 319.53 479.26 159.8 537.34 217.88 377.61 377.62 319.53 319.53\" style=\"fill:#fabb05\"\/><path d=\"M594.26,262.73V118.61h0a16.94,16.94,0,0,0-16.94-16.94H433.2a16.94,16.94,0,0,0-12,28.92L565.34,274.71h0a16.94,16.94,0,0,0,28.92-12Z\" style=\"fill:#34a853\"\/><rect width=\"610\" height=\"610\" style=\"fill:none\"\/><\/svg>","showScore":true,"siteFavIcon":"https:\/\/www.bednar.com\/wp-content\/uploads\/cropped-favicon_bednar-32x32.png","canUser":{"general":false,"advanced":false,"snippet":false,"social":false,"analysis":false,"analytics":false,"content_ai":false},"showKeywordIntent":true,"isPro":false,"is_front_page":false,"trendsUpgradeLink":"https:\/\/rankmath.com\/pricing\/?utm_source=Plugin&utm_medium=CE%20General%20Tab%20Trends&utm_campaign=WP","trendsUpgradeLabel":"\u0410\u043f\u0433\u0440\u0435\u0439\u0434","trendsPreviewImage":"https:\/\/www.bednar.com\/wp-content\/plugins\/seo-by-rank-math\/assets\/admin\/img\/trends-preview.jpg","currentEditor":false,"homepageData":{"assessor":{"powerWords":[],"diacritics":true,"researchesTests":["contentHasTOC","contentHasShortParagraphs","contentHasAssets","keywordInTitle","keywordInMetaDescription","keywordInPermalink","keywordIn10Percent","keywordInContent","keywordInSubheadings","keywordInImageAlt","keywordDensity","keywordNotUsed","lengthContent","lengthPermalink","linksHasInternal","linksHasExternals","linksNotAllExternals","titleStartWithKeyword","titleSentiment","titleHasPowerWords","titleHasNumber","hasContentAI"],"hasBreadcrumb":false,"serpData":{"title":"%sitename% %page% %sep% %sitedesc%","description":"","titleTemplate":"%sitename% %page% %sep% %sitedesc%","descriptionTemplate":"","focusKeywords":"","breadcrumbTitle":"\u041d\u0430 \u0433\u043b\u0430\u0432\u043d\u0443\u044e","robots":{"index":true},"advancedRobots":{"max-snippet":"-1","max-video-preview":"-1","max-image-preview":"large"},"facebookTitle":"","facebookDescription":"","facebookImage":"","facebookImageID":""}}},"tocTitle":"Table of Contents","tocExcludeHeadings":[],"listStyle":"ul"},"_links":{"self":[{"href":"https:\/\/www.bednar.com\/ru\/wp-json\/wp\/v2\/pages\/368200","targetHints":{"allow":["GET"]}}],"collection":[{"href":"https:\/\/www.bednar.com\/ru\/wp-json\/wp\/v2\/pages"}],"about":[{"href":"https:\/\/www.bednar.com\/ru\/wp-json\/wp\/v2\/types\/page"}],"author":[{"embeddable":true,"href":"https:\/\/www.bednar.com\/ru\/wp-json\/wp\/v2\/users\/1"}],"replies":[{"embeddable":true,"href":"https:\/\/www.bednar.com\/ru\/wp-json\/wp\/v2\/comments?post=368200"}],"version-history":[{"count":4,"href":"https:\/\/www.bednar.com\/ru\/wp-json\/wp\/v2\/pages\/368200\/revisions"}],"predecessor-version":[{"id":571220,"href":"https:\/\/www.bednar.com\/ru\/wp-json\/wp\/v2\/pages\/368200\/revisions\/571220"}],"wp:attachment":[{"href":"https:\/\/www.bednar.com\/ru\/wp-json\/wp\/v2\/media?parent=368200"}],"curies":[{"name":"wp","href":"https:\/\/api.w.org\/{rel}","templated":true}]}}