{"id":357329,"date":"2021-03-12T10:53:32","date_gmt":"2021-03-12T09:53:32","guid":{"rendered":"https:\/\/www.bednar.com\/press-kit\/"},"modified":"2023-02-21T10:30:20","modified_gmt":"2023-02-21T09:30:20","slug":"press-kit","status":"publish","type":"page","link":"https:\/\/www.bednar.com\/ru\/press-kit\/","title":{"rendered":"Press Kit"},"content":{"rendered":"","protected":false},"excerpt":{"rendered":"<p>\u0410\u043a\u0442\u0443\u0430\u043b\u044c\u043d\u044b\u0435 \u043f\u0440\u0435\u0441\u0441-\u0440\u0435\u043b\u0438\u0437\u044b \u0438 \u0444\u043e\u0442\u043e\u0433\u0440\u0430\u0444\u0438\u0438 \u043a\u043e\u043c\u043f\u0430\u043d\u0438\u0438 \u00abBEDNAR FMT\u00bb \u0434\u043b\u044f \u0441\u043a\u0430\u0447\u0438\u0432\u0430\u043d\u0438\u044f.<br \/>\n\u0418\u0441\u043f\u043e\u043b\u044c\u0437\u043e\u0432\u0430\u043d\u0438\u0435 \u0438\u0437\u043e\u0431\u0440\u0430\u0436\u0435\u043d\u0438\u0439 \u0438 \u0441\u043e\u0434\u0435\u0440\u0436\u0438\u043c\u043e\u0433\u043e \u0444\u0430\u0439\u043b\u043e\u0432 \u0432 \u0440\u0435\u0434\u0430\u043a\u0446\u0438\u043e\u043d\u043d\u044b\u0445 \u0446\u0435\u043b\u044f\u0445 \u0431\u0435\u0441\u043f\u043b\u0430\u0442\u043d\u043e.<\/p>\n","protected":false},"author":2,"featured_media":0,"parent":0,"menu_order":0,"comment_status":"closed","ping_status":"closed","template":"","meta":{"_acf_changed":false,"footnotes":""},"class_list":["post-357329","page","type-page","status-publish","hentry"],"acf":{"item-bg":357330,"item-bg-mobile":false,"item-youtube":"","item-title":"","fixed-title":"","item-desc":"","item-mach-desc":"","item-mach-config":"","item-mach-down":"","item-align":false,"item-code":"","google-map":"","disable-header":true,"main-content":[{"acf_fc_layout":"section-title","item-title":"PRESS KIT","item-desc":"<p>\u0410\u043a\u0442\u0443\u0430\u043b\u044c\u043d\u044b\u0435 \u043f\u0440\u0435\u0441\u0441-\u0440\u0435\u043b\u0438\u0437\u044b \u0438 \u0444\u043e\u0442\u043e\u0433\u0440\u0430\u0444\u0438\u0438 \u043a\u043e\u043c\u043f\u0430\u043d\u0438\u0438 \u00abBEDNAR FMT\u00bb \u0434\u043b\u044f \u0441\u043a\u0430\u0447\u0438\u0432\u0430\u043d\u0438\u044f.<br \/>\n\u0418\u0441\u043f\u043e\u043b\u044c\u0437\u043e\u0432\u0430\u043d\u0438\u0435 \u0438\u0437\u043e\u0431\u0440\u0430\u0436\u0435\u043d\u0438\u0439 \u0438 \u0441\u043e\u0434\u0435\u0440\u0436\u0438\u043c\u043e\u0433\u043e \u0444\u0430\u0439\u043b\u043e\u0432 \u0432 \u0440\u0435\u0434\u0430\u043a\u0446\u0438\u043e\u043d\u043d\u044b\u0445 \u0446\u0435\u043b\u044f\u0445 \u0431\u0435\u0441\u043f\u043b\u0430\u0442\u043d\u043e.<\/p>\n","item-mach-par":false},{"acf_fc_layout":"sections-buttons-list","sections-buttons-title":false,"item-title":"","buttons":[{"item-button-name":"\u041d\u0430\u0433\u0440\u0430\u0434\u044b","item-button-url":"#section-2","item-button-url-int":false,"item-button-icon":false,"item-button-target":false,"item-button-scroll":true},{"item-button-name":"\u0413\u0440\u0430\u0444\u0438\u0447\u0435\u0441\u043a\u0438\u0435 \u043c\u0430\u0442\u0435\u0440\u0438\u0430\u043b\u044b","item-button-url":"#section-6","item-button-url-int":false,"item-button-icon":false,"item-button-target":false,"item-button-scroll":true},{"item-button-name":"\u0421\u043e\u0446\u0438\u0430\u043b\u044c\u043d\u044b\u0435 \u0441\u0435\u0442\u0438","item-button-url":"#section-8","item-button-url-int":false,"item-button-icon":false,"item-button-target":false,"item-button-scroll":true},{"item-button-name":"\u041f\u0440\u0435\u0441\u0441-\u0440\u0435\u043b\u0438\u0437\u044b","item-button-url":"#section-10","item-button-url-int":false,"item-button-icon":false,"item-button-target":false,"item-button-scroll":true}]},{"acf_fc_layout":"section-content-four","item-max-width":"1300","item-content-1":"<p style=\"font-weight: bold;\">\u0415\u0441\u043b\u0438 \u0443 \u0432\u0430\u0441 \u0435\u0441\u0442\u044c \u043a\u0430\u043a\u0438\u0435-\u043b\u0438\u0431\u043e \u0432\u043e\u043f\u0440\u043e\u0441\u044b \u0438\u043b\u0438 \u043f\u0440\u0435\u0434\u043b\u043e\u0436\u0435\u043d\u0438\u044f \u043e\u0442\u043d\u043e\u0441\u0438\u0442\u0435\u043b\u044c\u043d\u043e \u044d\u0442\u043e\u0433\u043e \u0440\u0430\u0437\u0434\u0435\u043b\u0430 \u0434\u043b\u044f \u043f\u0440\u0435\u0441\u0441\u044b, \u043f\u043e\u0436\u0430\u043b\u0443\u0439\u0441\u0442\u0430, \u043e\u0431\u0440\u0430\u0442\u0438\u0442\u0435\u0441\u044c \u043a \u0441\u043e\u0442\u0440\u0443\u0434\u043d\u0438\u043a\u0430\u043c \u043d\u0430\u0448\u0435\u0433\u043e \u043e\u0442\u0434\u0435\u043b\u0430 \u043c\u0430\u0440\u043a\u0435\u0442\u0438\u043d\u0433\u0430.<\/p>\n","item-content-2":"<p><strong>Ond\u0159ej Adam\u010d\u00edk<\/strong><br \/>\n\u0421\u043f\u0435\u0446\u0438\u0430\u043b\u0438\u0441\u0442 \u043f\u043e \u043c\u0430\u0440\u043a\u0435\u0442\u0438\u043d\u0433\u0443 \u2014 \u041c\u0443\u043b\u044c\u0442\u0438\u043c\u0435\u0434\u0438\u0430<br \/>\nMob.: +420 732 178 424<br \/>\nE-mail: Ondrej.Adamcik@bednar.com<\/p>\n","item-content-3":"<p><img loading=\"lazy\" decoding=\"async\" class=\"alignnone wp-image-357389 size-full\" src=\"https:\/\/www.bednar.com\/wp-content\/uploads\/obecne-stranky\/press-kit\/adamcik-ondrej.jpg\" alt=\"\" width=\"130\" height=\"130\" srcset=\"https:\/\/www.bednar.com\/wp-content\/uploads\/obecne-stranky\/press-kit\/adamcik-ondrej.jpg 130w, https:\/\/www.bednar.com\/wp-content\/uploads\/obecne-stranky\/press-kit\/adamcik-ondrej-80x80.jpg 80w\" sizes=\"auto, (max-width: 130px) 100vw, 130px\" \/><\/p>\n","item-content-4":""},{"acf_fc_layout":"section-title","item-title":"\u041d\u0430\u0433\u0440\u0430\u0434\u044b","item-desc":"","item-mach-par":false},{"acf_fc_layout":"section-download-list","download-items":[{"item-name":"\u0421\u0415\u041b\u042c\u0421\u041a\u041e\u0425\u041e\u0417\u042f\u0419\u0421\u0422\u0412\u0415\u041d\u041d\u0410\u042f \u0410\u0421\u0421\u041e\u0426\u0418\u0410\u0426\u0418\u042f","item-file-thumb":"https:\/\/www.bednar.com\/wp-content\/uploads\/obecne-stranky\/press-kit\/oceneni-zemedelsky-svaz-cr-1.jpg","item-button-name":"\u0421\u0438\u0441\u0442\u0435\u043c\u0430 EasyControl","item-button-url":"https:\/\/www.bednar.com\/ru\/blog\/%d1%81%d0%b8%d1%81%d1%82%d0%b5%d0%bc%d0%b0-easy-control-%d0%b7%d0%b0%d0%b2%d0%be%d0%b5%d0%b2%d0%b0%d0%bb%d0%b0-%d1%81%d0%b5%d1%80%d0%b5%d0%b1%d1%80%d1%8f%d0%bd%d1%83%d1%8e-%d0%bc%d0%b5%d0%b4%d0%b0\/","item-button-url_blank":true},{"item-name":"AGRITECHNICA 2017","item-file-thumb":"https:\/\/www.bednar.com\/wp-content\/uploads\/obecne-stranky\/press-kit\/innovation_award_agritechnica_2017.jpg","item-button-name":"\u041f\u0440\u0435\u043c\u0438\u044f \u0437\u0430 \u0438\u043d\u043d\u043e\u0432\u0430\u0446\u0438\u0438","item-button-url":"https:\/\/www.bednar.com\/upload\/press\/2017\/BEDNAR_PRESS_RELEASE_2017_08_AWARDED_EN.pdf","item-button-url_blank":true}]},{"acf_fc_layout":"section-title","item-title":"\u0413\u0440\u0430\u0444\u0438\u0447\u0435\u0441\u043a\u0438\u0435 \u043c\u0430\u0442\u0435\u0440\u0438\u0430\u043b\u044b","item-desc":"","item-mach-par":false},{"acf_fc_layout":"section-download-list","download-items":[{"item-name":"\u041b\u043e\u0433\u043e\u0442\u0438\u043f\u044b \/ \u0433\u0440\u0430\u0444\u0438\u0447\u0435\u0441\u043a\u0438\u0435 \u043e\u0441\u043e\u0431\u0435\u043d\u043d\u043e\u0441\u0442\u0438","item-file-thumb":"https:\/\/www.bednar.com\/wp-content\/uploads\/obecne-stranky\/press-kit\/loga.jpg","item-button-name":"\u0421\u043a\u0430\u0447\u0430\u0442\u044c (zip 8 MB)","item-button-url":"https:\/\/www.bednar.com\/wp-content\/uploads\/obecne-stranky\/press-kit\/bednar_logos_graphic_elements-13.zip","item-button-url_blank":false},{"item-name":"\u0424\u043e\u0442\u043e\u0433\u0440\u0430\u0444\u0438\u0438","item-file-thumb":"https:\/\/www.bednar.com\/wp-content\/uploads\/obecne-stranky\/press-kit\/foto_stroje.jpg","item-button-name":"\u0421\u043a\u0430\u0447\u0430\u0442\u044c (zip 128 MB)","item-button-url":"https:\/\/www.bednar.com\/wp-content\/uploads\/obecne-stranky\/press-kit\/BEDNAR_MACHINES_Photos.zip","item-button-url_blank":false},{"item-name":"\u041f\u043e\u0441\u0442\u0435\u0440\u044b","item-file-thumb":"https:\/\/www.bednar.com\/wp-content\/uploads\/obecne-stranky\/press-kit\/posters.jpg","item-button-name":"\u0421\u043a\u0430\u0447\u0430\u0442\u044c (zip 16 MB)","item-button-url":"https:\/\/www.bednar.com\/wp-content\/uploads\/obecne-stranky\/press-kit\/posters_bednar_machines.zip","item-button-url_blank":false}]},{"acf_fc_layout":"section-title","item-title":"\u0421\u043e\u0446\u0438\u0430\u043b\u044c\u043d\u044b\u0435 \u0441\u0435\u0442\u0438","item-desc":"","item-mach-par":false},{"acf_fc_layout":"section-download-list","download-items":[{"item-name":"Facebook","item-file-thumb":"https:\/\/www.bednar.com\/wp-content\/uploads\/obecne-stranky\/press-kit\/fcb_social-2.jpg","item-button-name":"\u041f\u0435\u0440\u0435\u0439\u0442\u0438 \u043d\u0430","item-button-url":"https:\/\/www.facebook.com\/BednarFarmMachinery\/","item-button-url_blank":true},{"item-name":"YouTube","item-file-thumb":"https:\/\/www.bednar.com\/wp-content\/uploads\/obecne-stranky\/press-kit\/youtube_soc-2.jpg","item-button-name":"\u041f\u0435\u0440\u0435\u0439\u0442\u0438 \u043d\u0430","item-button-url":"https:\/\/www.youtube.com\/channel\/UCLJXfzzR6E4CnyBEFUTAibQ","item-button-url_blank":true},{"item-name":"Instagram","item-file-thumb":"https:\/\/www.bednar.com\/wp-content\/uploads\/obecne-stranky\/press-kit\/instagram.jpg","item-button-name":"\u041f\u0435\u0440\u0435\u0439\u0442\u0438 \u043d\u0430","item-button-url":"https:\/\/www.instagram.com\/bednarfmt\/","item-button-url_blank":true},{"item-name":"LinkedIn","item-file-thumb":"https:\/\/www.bednar.com\/wp-content\/uploads\/obecne-stranky\/press-kit\/linkedin.jpg","item-button-name":"\u041f\u0435\u0440\u0435\u0439\u0442\u0438 \u043d\u0430","item-button-url":"https:\/\/www.linkedin.com\/company\/bednar-fmt-s-r-o-\/","item-button-url_blank":true}]},{"acf_fc_layout":"section-title","item-title":"\u041f\u0440\u0435\u0441\u0441-\u0440\u0435\u043b\u0438\u0437\u044b","item-desc":"","item-mach-par":false},{"acf_fc_layout":"section-news-slider","cat-id":[178],"post-id":false,"disable-slider":false,"slider-count8":true,"slider-noautoplay":false,"disable-section":false},{"acf_fc_layout":"sections-buttons-list","sections-buttons-title":false,"item-title":"","buttons":[{"item-button-name":"\u0412\u0441\u0435 \u043f\u0440\u0435\u0441\u0441-\u0440\u0435\u043b\u0438\u0437\u044b","item-button-url":"https:\/\/www.bednar.com\/ru\/category\/%d0%bf%d1%80%d0%b5%d1%81%d1%81-%d1%80%d0%b5%d0%bb%d0%b8%d0%b7%d1%8b\/","item-button-url-int":false,"item-button-icon":false,"item-button-target":false,"item-button-scroll":false}]}],"nav-main-cat":false,"nav-sub-cat":false,"_aviaLayoutBuilderCleanData":"","page-type":"other","pageGroup":"","post-new-website":false},"rankMath":{"parentDomain":"www.bednar.com","noFollowDomains":[],"noFollowExcludeDomains":[],"noFollowExternalLinks":false,"featuredImageNotice":"\u041f\u043e\u043a\u0430\u0437\u0430\u043d\u043d\u043e\u0435 \u0438\u0437\u043e\u0431\u0440\u0430\u0436\u0435\u043d\u0438\u0435 \u0434\u043e\u043b\u0436\u043d\u043e \u0431\u044b\u0442\u044c \u0440\u0430\u0437\u043c\u0435\u0440\u043e\u043c \u043d\u0435 \u043c\u0435\u043d\u0435\u0435 200 \u043d\u0430 200 \u043f\u0438\u043a\u0441\u0435\u043b\u0435\u0439, \u0447\u0442\u043e\u0431\u044b \u0435\u0433\u043e \u043c\u043e\u0433\u043b\u0438 \u0443\u0432\u0438\u0434\u0435\u0442\u044c Facebook \u0438 \u0434\u0440\u0443\u0433\u0438\u0435 \u0441\u0430\u0439\u0442\u044b \u0441\u043e\u0446\u0438\u0430\u043b\u044c\u043d\u044b\u0445 \u0441\u0435\u0442\u0435\u0439.","pluginReviewed":true,"postSettings":{"linkSuggestions":true,"useFocusKeyword":false},"frontEndScore":false,"postName":"press-kit","permalinkFormat":"https:\/\/www.bednar.com\/ru\/%pagename%\/","showLockModifiedDate":true,"assessor":{"focusKeywordLink":"https:\/\/www.bednar.com\/wp-admin\/edit.php?focus_keyword=%focus_keyword%&post_type=%post_type%","hasTOCPlugin":false,"primaryTaxonomy":false,"serpData":{"title":"","description":"","focusKeywords":"","pillarContent":false,"canonicalUrl":"","breadcrumbTitle":"","advancedRobots":{"max-snippet":"-1","max-video-preview":"-1","max-image-preview":"large"},"facebookTitle":"","facebookDescription":"","facebookImage":"","facebookImageID":"","facebookHasOverlay":false,"facebookImageOverlay":"play","facebookAuthor":"","twitterCardType":"summary_large_image","twitterUseFacebook":true,"twitterTitle":"","twitterDescription":"","twitterImage":"","twitterImageID":"","twitterHasOverlay":false,"twitterImageOverlay":"play","twitterPlayerUrl":"","twitterPlayerSize":"","twitterPlayerStream":"","twitterPlayerStreamCtype":"","twitterAppDescription":"","twitterAppIphoneName":"","twitterAppIphoneID":"","twitterAppIphoneUrl":"","twitterAppIpadName":"","twitterAppIpadID":"","twitterAppIpadUrl":"","twitterAppGoogleplayName":"","twitterAppGoogleplayID":"","twitterAppGoogleplayUrl":"","twitterAppCountry":"","robots":{"index":true},"twitterAuthor":"\u0438\u043c\u044f \u043f\u043e\u043b\u044c\u0437\u043e\u0432\u0430\u0442\u0435\u043b\u044f","primaryTerm":0,"authorName":"David Harnisch","titleTemplate":"%title% %sep% %sitename%","descriptionTemplate":"%excerpt%","showScoreFrontend":true,"lockModifiedDate":false},"powerWords":[],"diacritics":{"A":"[\\u0410\\u0430]","B":"[\\u0411\\u0431]","V":"[\\u0412\\u0432]","G":"[\\u0413\\u0433]","D":"[\\u0414\\u0434]","YE":"[\\u0415\\u0435]","YO":"[\\u0401\\u0451]","ZH":"[\\u0416\\u0436]","Z":"[\\u0417\\u0437]","EE":"[\\u0418\\u0438]","YI":"[\\u0419\\u0439]","K":"[\\u041A\\u043A]","L":"[\\u041B\\u043B]","M":"[\\u041C\\u043c]","P":"[\\u041F\\u043F]","T":"[\\u0422\\u0442]","U":"[\\u0423\\u0443]","F":"[\\u0424\\u0444]","H":"[\\u0425\\u0445]","TS":"[\\u0426\\u0446]","CH":"[\\u0427\\u0447]","SH":"[\\u0428\\u0448\\u0429\\u0449]","I":"[\\u042B\\u044B]","E":"[\\u042D\\u044D]","YU":"[\\u042E\\u044E]","YA":"[\\u042F\\u044F]","N":"[\\u041D\\u043D]"},"researchesTests":["contentHasTOC","contentHasShortParagraphs","contentHasAssets","keywordInTitle","keywordInMetaDescription","keywordInPermalink","keywordIn10Percent","keywordInContent","keywordInSubheadings","keywordInImageAlt","keywordDensity","keywordNotUsed","lengthContent","lengthPermalink","linksHasInternal","linksHasExternals","linksNotAllExternals","titleStartWithKeyword","titleSentiment","titleHasPowerWords","titleHasNumber","hasContentAI"],"hasRedirection":true,"hasBreadcrumb":false},"homeUrl":"https:\/\/www.bednar.com\/ru\/","objectID":357329,"objectType":"post","locale":"ru","localeFull":"ru_RU","overlayImages":{"play":{"name":"Play \u0438\u043a\u043e\u043d\u043a\u0430","url":"https:\/\/www.bednar.com\/wp-content\/plugins\/seo-by-rank-math\/assets\/admin\/img\/icon-play.png","path":"\/var\/www\/html\/wp-content\/plugins\/seo-by-rank-math\/assets\/admin\/img\/icon-play.png","position":"middle_center"},"gif":{"name":"GIF \u0438\u043a\u043e\u043d\u043a\u0430","url":"https:\/\/www.bednar.com\/wp-content\/plugins\/seo-by-rank-math\/assets\/admin\/img\/icon-gif.png","path":"\/var\/www\/html\/wp-content\/plugins\/seo-by-rank-math\/assets\/admin\/img\/icon-gif.png","position":"middle_center"}},"defautOgImage":"https:\/\/www.bednar.com\/wp-content\/plugins\/seo-by-rank-math\/assets\/admin\/img\/social-placeholder.jpg","customPermalinks":true,"isUserRegistered":true,"autoSuggestKeywords":true,"connectSiteUrl":"https:\/\/rankmath.com\/auth?site=https%3A%2F%2Fwww.bednar.com%2Fru%2F&r=https%3A%2F%2Fwww.bednar.com%2Fru%2Fwp-json%2Fwp%2Fv2%2Fpages%2F357329%3Fnonce%3D40b043b53f","maxTags":5,"trendsIcon":"<svg viewBox=\"0 0 610 610\"><path d=\"M18.85,446,174.32,290.48l58.08,58.08L76.93,504a14.54,14.54,0,0,1-20.55,0L18.83,466.48a14.54,14.54,0,0,1,0-20.55Z\" style=\"fill:#4285f4\"\/><path d=\"M242.65,242.66,377.59,377.6l-47.75,47.75a14.54,14.54,0,0,1-20.55,0L174.37,290.43l47.75-47.75A14.52,14.52,0,0,1,242.65,242.66Z\" style=\"fill:#ea4335\"\/><polygon points=\"319.53 319.53 479.26 159.8 537.34 217.88 377.61 377.62 319.53 319.53\" style=\"fill:#fabb05\"\/><path d=\"M594.26,262.73V118.61h0a16.94,16.94,0,0,0-16.94-16.94H433.2a16.94,16.94,0,0,0-12,28.92L565.34,274.71h0a16.94,16.94,0,0,0,28.92-12Z\" style=\"fill:#34a853\"\/><rect width=\"610\" height=\"610\" style=\"fill:none\"\/><\/svg>","showScore":true,"siteFavIcon":"https:\/\/www.bednar.com\/wp-content\/uploads\/cropped-favicon_bednar-32x32.png","canUser":{"general":false,"advanced":false,"snippet":false,"social":false,"analysis":false,"analytics":false,"content_ai":false},"showKeywordIntent":true,"isPro":false,"is_front_page":false,"trendsUpgradeLink":"https:\/\/rankmath.com\/pricing\/?utm_source=Plugin&utm_medium=CE%20General%20Tab%20Trends&utm_campaign=WP","trendsUpgradeLabel":"\u0410\u043f\u0433\u0440\u0435\u0439\u0434","trendsPreviewImage":"https:\/\/www.bednar.com\/wp-content\/plugins\/seo-by-rank-math\/assets\/admin\/img\/trends-preview.jpg","currentEditor":false,"homepageData":{"assessor":{"powerWords":[],"diacritics":true,"researchesTests":["contentHasTOC","contentHasShortParagraphs","contentHasAssets","keywordInTitle","keywordInMetaDescription","keywordInPermalink","keywordIn10Percent","keywordInContent","keywordInSubheadings","keywordInImageAlt","keywordDensity","keywordNotUsed","lengthContent","lengthPermalink","linksHasInternal","linksHasExternals","linksNotAllExternals","titleStartWithKeyword","titleSentiment","titleHasPowerWords","titleHasNumber","hasContentAI"],"hasBreadcrumb":false,"serpData":{"title":"%sitename% %page% %sep% %sitedesc%","description":"","titleTemplate":"%sitename% %page% %sep% %sitedesc%","descriptionTemplate":"","focusKeywords":"","breadcrumbTitle":"\u041d\u0430 \u0433\u043b\u0430\u0432\u043d\u0443\u044e","robots":{"index":true},"advancedRobots":{"max-snippet":"-1","max-video-preview":"-1","max-image-preview":"large"},"facebookTitle":"","facebookDescription":"","facebookImage":"","facebookImageID":""}}},"tocTitle":"Table of Contents","tocExcludeHeadings":[],"listStyle":"ul"},"_links":{"self":[{"href":"https:\/\/www.bednar.com\/ru\/wp-json\/wp\/v2\/pages\/357329","targetHints":{"allow":["GET"]}}],"collection":[{"href":"https:\/\/www.bednar.com\/ru\/wp-json\/wp\/v2\/pages"}],"about":[{"href":"https:\/\/www.bednar.com\/ru\/wp-json\/wp\/v2\/types\/page"}],"author":[{"embeddable":true,"href":"https:\/\/www.bednar.com\/ru\/wp-json\/wp\/v2\/users\/2"}],"replies":[{"embeddable":true,"href":"https:\/\/www.bednar.com\/ru\/wp-json\/wp\/v2\/comments?post=357329"}],"version-history":[{"count":5,"href":"https:\/\/www.bednar.com\/ru\/wp-json\/wp\/v2\/pages\/357329\/revisions"}],"predecessor-version":[{"id":511161,"href":"https:\/\/www.bednar.com\/ru\/wp-json\/wp\/v2\/pages\/357329\/revisions\/511161"}],"wp:attachment":[{"href":"https:\/\/www.bednar.com\/ru\/wp-json\/wp\/v2\/media?parent=357329"}],"curies":[{"name":"wp","href":"https:\/\/api.w.org\/{rel}","templated":true}]}}