{"id":357224,"date":"2021-02-18T11:34:58","date_gmt":"2021-02-18T10:34:58","guid":{"rendered":"https:\/\/www.bednar.com\/inter-row-line-cultivation\/"},"modified":"2024-03-21T10:01:09","modified_gmt":"2024-03-21T09:01:09","slug":"inter-row-line-cultivation","status":"publish","type":"page","link":"https:\/\/www.bednar.com\/ro\/cultivatie-intre-randuri\/","title":{"rendered":"Cultiva\u021bie \u00eentre r\u00e2nduri"},"content":{"rendered":"","protected":false},"excerpt":{"rendered":"<p>\u00cenainte de descoperirea erbicidelor, plivitul era o opera\u021bie indispensabil\u0103 de eliminare mecanic\u0103 a buruienilor \u00een culturile de porumb sau sfecl\u0103 de zah\u0103r. Utilizarea acestei opera\u021bii s-a redus treptat odat\u0103 cu intensificarea utiliz\u0103rii preparatelor chimice. \u00cen prezent, plivitul este utilizat din ce \u00een ce mai frecvent, \u00een special datorit\u0103 legisla\u021biei \u0219i modific\u0103rilor ap\u0103rute \u00een utilizarea preparatelor chimice.<\/p>\n","protected":false},"author":3,"featured_media":0,"parent":0,"menu_order":0,"comment_status":"closed","ping_status":"closed","template":"","meta":{"_acf_changed":false,"footnotes":""},"class_list":["post-357224","page","type-page","status-publish","hentry"],"acf":{"item-bg":425963,"item-bg_kop\u00edrovat":false,"item-bg-mobile":false,"item-youtube":"","item-title":"","fixed-title":"Cultiva\u021bie \u00eentre r\u00e2nduri","item-desc":"","item-mach-desc":"","item-mach-config":"","item-mach-down":"","item-align":false,"item-code":"&nbsp;","google-map":"","disable-header":false,"main-content":[{"acf_fc_layout":"section-fixed-submenu","h1-title":true},{"acf_fc_layout":"section-title-anchor","item-title":"Mezi\u0159\u00e1dkov\u00e1 kultivace","item-desc":"","disable-section":false},{"acf_fc_layout":"section-title","item-title":"","item-desc":"<p>\u00cenainte de descoperirea erbicidelor, plivitul era o opera\u021bie indispensabil\u0103 de eliminare mecanic\u0103 a buruienilor \u00een culturile de porumb sau sfecl\u0103 de zah\u0103r. Utilizarea acestei opera\u021bii s-a redus treptat odat\u0103 cu intensificarea utiliz\u0103rii preparatelor chimice. \u00cen prezent, plivitul este utilizat din ce \u00een ce mai frecvent, \u00een special datorit\u0103 legisla\u021biei \u0219i modific\u0103rilor ap\u0103rute \u00een utilizarea preparatelor chimice.<\/p>\n","item-mach-par":false},{"acf_fc_layout":"section-content","item-icon":false,"item-subtitle":"","item-title":"PLIVITUL ESTE DIN NOU O TENDIN\u021a\u0102","item-photo":357270,"item-video-id":"","item-content":"<p>Cultivarea \u00eentre r\u00e2nduri este utilizat\u0103 cel mai des la culturile de porumb, floarea-soarelui sau sfecl\u0103 de zah\u0103r, \u00eens\u0103 devine popular\u0103 \u0219i la culturile de rapi\u021b\u0103 \u0219i soia. \u00cen viitorul apropiat, plivitul va fi folosit ca metod\u0103 de eliminare mecanic\u0103 a buruienilor \u0219i \u00een culturile de cereale, care vor fi cultivate cu o distan\u021b\u0103 mai mare \u00eentre r\u00e2nduri, sau \u00een sisteme cu r\u00e2nduri duble, folosind cultivarea \u00een benzi a solului.<\/p>\n","item-button":"Cultivatoarele \u00eentre r\u00e2nduri ROW-MASTER","item-button-url":"","item-button-url-int":402470,"item-button-class":"","tabs":false,"toggles":false,"gallery":false},{"acf_fc_layout":"section-content","item-icon":false,"item-subtitle":"","item-title":"CARE SUNT AVANTAJELE PLIVITULUI?","item-photo":357271,"item-video-id":"","item-content":"<p>Plivitul \u00eembun\u0103t\u0103\u021be\u0219te propriet\u0103\u021bile fizice ale solului pentru absorb\u021bia nutrien\u021bilor de c\u0103tre plante \u0219i starea de vegeta\u021bie a culturii. \u00cen cultura de porumb are un efect considerabil asupra cre\u0219terii biomasei de suprafa\u021b\u0103. Af\u00e2narea \u00eentre r\u00e2nduri are un efect de plivire, care reduce necesitatea de a utiliza erbicide \u0219i corespunde cu tendin\u021bele agriculturii ecologice.<\/p>\n","item-button":"","item-button-url":"","item-button-url-int":false,"item-button-class":"","tabs":false,"toggles":false,"gallery":false},{"acf_fc_layout":"section-content","item-icon":false,"item-subtitle":"","item-title":"CULTIVAREA \u00ceNTRE R\u00c2NDURI \u00ceMPOTRIVA SFECLEI RO\u0218II","item-photo":425949,"item-video-id":"","item-content":"<p>Singura modalitate de a \u00eendep\u0103rta sfecla ro\u0219ie din cultura de sfecl\u0103 de zah\u0103r este eliminarea mecanic\u0103 a acesteia cu ajutorul unui utilaj de plivit. Cultivarea \u00eentre r\u00e2nduri are \u0219i un efect de protec\u021bie a solului. Stratul de sol af\u00e2nat \u00eentre r\u00e2nduri \u00eempiedic\u0103 drenajul rapid al apei de suprafa\u021b\u0103 \u0219i reduce riscul de eroziune din cauza apei \u0219i aerului. \u00cen timpul plivirii pot fi aplicate \u00eengr\u0103\u0219\u0103minte lichide sau solide, \u00eembun\u0103t\u0103\u021bind astfel starea general\u0103 a culturii.<\/p>\n<p>\u201eELIMINAREA MECANIC\u0102 A BURUIENILOR ESTE UNA DINTRE OP\u021aIUNILE DE ECONOMISIRE A RESURSELOR FINANCIARE CONSIDERABILE CHELTUITE PENTRU PREPARATE CHIMICE.\u201d<\/p>\n","item-button":"","item-button-url":"","item-button-url-int":false,"item-button-class":"","tabs":false,"toggles":false,"gallery":false},{"acf_fc_layout":"section-title-anchor","item-title":"P\u016fdoochrann\u00e9 zpracov\u00e1n\u00ed p\u016fdy","item-desc":"","disable-section":false},{"acf_fc_layout":"section-title","item-title":"","item-desc":"<p>Cultiv\u00e2nd solul, fermierii s-au str\u0103duit \u00eentotdeauna s\u0103 creeze cele mai bune condi\u021bii pentru \u00eenfiin\u021barea unei culturi de calitate \u0219i o cre\u0219tere echilibrat\u0103. \u00cen practic\u0103, putem vedea adesea un sol bine cultivat, cu o structur\u0103 fin\u0103 a stratului de sol, cu bulg\u0103ri pu\u021bini \u0219i f\u0103r\u0103 particule de sol mai mari. Unii fermieri \u00eenc\u0103 mai cred c\u0103 este imposibil s\u0103 se \u00eenfiin\u021beze culturi \u00een alte soluri dec\u00e2t cele cultivate \u0219i aproape \u201epr\u0103fuite\u201d.<br \/>\nDar nu este a\u0219a; schimb\u0103rile treptate ap\u0103rute \u00een tehnologia agricol\u0103 \u0219i procedeele de \u00eens\u0103m\u00e2n\u021bare, legisla\u021bia \u00een domeniul manipul\u0103rii produselor chimice de protec\u021bie a plantelor, precum \u0219i presiunea reducerii riscului de eroziune a solului, au ar\u0103tat c\u0103 tendin\u021ba viitorului este protec\u021bia solului sau cultivarea redus\u0103 a solului.<\/p>\n","item-mach-par":false},{"acf_fc_layout":"section-content","item-icon":false,"item-subtitle":"","item-title":"CULTIVAREA \u00ceN BENZI A SOLULUI","item-photo":531096,"item-video-id":"","item-content":"<p>Tehnologia de cultivare \u00een benzi a solului se bazeaz\u0103 pe preg\u0103tirea unor benzi \u00eenguste, \u00een care sunt \u00eenfiin\u021bate culturi pe r\u00e2nduri largi. Aceast\u0103 tehnologie este utilizat\u0103 cel mai des \u00een cultivarea solului pentru \u00eens\u0103m\u00e2n\u021barea culturilor de porumb, floarea soarelui, sfecl\u0103 de zah\u0103r, rapi\u021b\u0103 sau soia. \u00cens\u0103 este doar o chestiune de timp p\u00e2n\u0103 c\u00e2nd aceast\u0103 tehnologie va fi utilizat\u0103 \u0219i pentru preg\u0103tirea solului \u00eenainte de \u00eens\u0103m\u00e2n\u021barea cerealelor \u00een dou\u0103 r\u00e2nduri sau r\u00e2nduri largi.<br \/>\nBenzile sunt prelucrate de obicei toamna, cu o distan\u021b\u0103 \u00eentre r\u00e2nduri de 45\/50 sau 75\/80 de centimetri. Utilajele potrivite pentru cultivarea solului \u00een benzi sunt cultivatorul STRIP-MASTER EN, cu o ad\u00e2ncime maxim\u0103 de lucru de 35 cm, sau cultivatoarele de ad\u00e2ncime TERRASTRIP ZN, cu o ad\u00e2ncime de lucru de p\u00e2n\u0103 la 55 cm, pentru cultivarea solului toamna.<\/p>\n","item-button":"Cultivatoare pentru cultivarea \u00een benzi","item-button-url":"","item-button-url-int":321256,"item-button-class":"","tabs":false,"toggles":false,"gallery":false},{"acf_fc_layout":"section-content","item-icon":false,"item-subtitle":"","item-title":"CARE SUNT AVANTAJELE TEHNOLOGIEI DE CULTIVARE \u00ceN BENZI?","item-photo":417242,"item-video-id":"","item-content":"<p>Avantajele cultiv\u0103rii solului \u00een benzi sunt \u00eenc\u0103lzirea mai rapid\u0103 de c\u0103tre soare a benzilor prelucrate, aerarea solului, reducerea eroziunii, o mai bun\u0103 absorb\u021bie a apei \u00een sol \u00een compara\u021bie cu sem\u0103natul direct \u00een miri\u0219te \u0219i economii de costuri sub forma aplic\u0103rii direc\u021bionate a \u00eengr\u0103\u0219\u0103m\u00e2ntului \u00een benzile prelucrate.<br \/>\nIntervalele dintre r\u00e2nduri create \u00eentre benzi au un efect pozitiv asupra st\u0103rii solului. Intervalele neprelucrate dintre r\u00e2nduri men\u021bin umiditatea solului \u0219i \u00eempiedic\u0103 evaporarea rapid\u0103, acest efect fiind chiar mai intens atunci c\u00e2nd intervalele respective sunt acoperite cu un strat de reziduuri de cultur\u0103 sau exist\u0103 cultur\u0103 intermediar\u0103. \u00cen plus, r\u00e2ndurile neprelucrate ac\u021bioneaz\u0103 ca o barier\u0103 care \u00eempiedic\u0103 dezvoltarea rapid\u0103 a buruienilor, deoarece creeaz\u0103 un mediu competitiv.<\/p>\n","item-button":"","item-button-url":"","item-button-url-int":321256,"item-button-class":"","tabs":false,"toggles":false,"gallery":false},{"acf_fc_layout":"section-content","item-icon":false,"item-subtitle":"","item-title":"CULTIVAREA PROFUND\u0102 A SOLULUI F\u0102R\u0102 AMESTECARE ACTIV\u0102 ","item-photo":357272,"item-video-id":"","item-content":"<p>Metoda TERRASTRIP este o metod\u0103 agricol\u0103 dezvoltat\u0103 de compania BEDNAR. Solul este prelucrat la un nivel mai ad\u00e2nc dec\u00e2t \u00een metoda standard de cultivare \u00een benzi. \u00cen compara\u021bie cu metoda standard de cultivare \u00een benzi, metoda TERRASTRIP are rezultate mult mai bune, \u00een special la cultura de porumb. Benzile sunt prelucrate la un nivel mai ad\u00e2nc, de p\u00e2n\u0103 la 55 cm. Ca urmare, porumbul beneficiaz\u0103 de mai mult\u0103 umiditate \u00een sol, \u00een special \u00een zonele uscate. Metoda TERRASTRIP s-a dovedit a fi avantajoas\u0103 \u0219i pentru cei care cultiv\u0103 sfecl\u0103 de zah\u0103r.<\/p>\n","item-button":"BEDNAR TERRASTRIP","item-button-url":"","item-button-url-int":403457,"item-button-class":"","tabs":false,"toggles":false,"gallery":false},{"acf_fc_layout":"section-full-image","item-photo":357274},{"acf_fc_layout":"section-title-anchor","item-title":"Vyberte si stroj dle va\u0161ich po\u017eadavk\u016f","item-desc":"","disable-section":false},{"acf_fc_layout":"section-filter-kultivace"}],"nav-main-cat":false,"nav-sub-cat":false,"_aviaLayoutBuilderCleanData":"","page-type":"cat","pageGroup":"","post-new-website":false},"rankMath":{"parentDomain":"www.bednar.com","noFollowDomains":[],"noFollowExcludeDomains":[],"noFollowExternalLinks":false,"featuredImageNotice":"The featured image should be at least 200 by 200 pixels to be picked up by Facebook and other social media sites.","pluginReviewed":true,"postSettings":{"linkSuggestions":true,"useFocusKeyword":false},"frontEndScore":false,"postName":"inter-row-line-cultivation","permalinkFormat":"https:\/\/www.bednar.com\/ro\/cultivatie-intre-randuri\/","showLockModifiedDate":true,"assessor":{"focusKeywordLink":"https:\/\/www.bednar.com\/wp-admin\/edit.php?focus_keyword=%focus_keyword%&post_type=%post_type%","hasTOCPlugin":false,"primaryTaxonomy":false,"serpData":{"title":"","description":"","focusKeywords":"","pillarContent":false,"canonicalUrl":"","breadcrumbTitle":"","advancedRobots":{"max-snippet":"-1","max-video-preview":"-1","max-image-preview":"large"},"facebookTitle":"","facebookDescription":"","facebookImage":"","facebookImageID":"","facebookHasOverlay":false,"facebookImageOverlay":"play","facebookAuthor":"","twitterCardType":"summary_large_image","twitterUseFacebook":true,"twitterTitle":"","twitterDescription":"","twitterImage":"","twitterImageID":"","twitterHasOverlay":false,"twitterImageOverlay":"play","twitterPlayerUrl":"","twitterPlayerSize":"","twitterPlayerStream":"","twitterPlayerStreamCtype":"","twitterAppDescription":"","twitterAppIphoneName":"","twitterAppIphoneID":"","twitterAppIphoneUrl":"","twitterAppIpadName":"","twitterAppIpadID":"","twitterAppIpadUrl":"","twitterAppGoogleplayName":"","twitterAppGoogleplayID":"","twitterAppGoogleplayUrl":"","twitterAppCountry":"","robots":{"index":true},"twitterAuthor":"username","primaryTerm":0,"authorName":"Tereza Kalinov\u00e1","titleTemplate":"%title% %sep% %sitename%","descriptionTemplate":"%excerpt%","showScoreFrontend":true,"lockModifiedDate":false},"powerWords":[],"diacritics":{"A":"[\\u0041\\u24B6\\uFF21\\u00C0\\u00C1\\u00C2\\u1EA6\\u1EA4\\u1EAA\\u1EA8\\u00C3\\u0100\\u0102\\u1EB0\\u1EAE\\u1EB4\\u1EB2\\u0226\\u01E0\\u00C4\\u01DE\\u1EA2\\u00C5\\u01FA\\u01CD\\u0200\\u0202\\u1EA0\\u1EAC\\u1EB6\\u1E00\\u0104\\u023A\\u2C6F]","AA":"[\\uA732]","AE":"[\\u00C6\\u01FC\\u01E2]","AO":"[\\uA734]","AU":"[\\uA736]","AV":"[\\uA738\\uA73A]","AY":"[\\uA73C]","B":"[\\u0042\\u24B7\\uFF22\\u1E02\\u1E04\\u1E06\\u0243\\u0182\\u0181]","C":"[\\u0043\\u24B8\\uFF23\\u0106\\u0108\\u010A\\u010C\\u00C7\\u1E08\\u0187\\u023B\\uA73E]","D":"[\\u0044\\u24B9\\uFF24\\u1E0A\\u010E\\u1E0C\\u1E10\\u1E12\\u1E0E\\u0110\\u018B\\u018A\\u0189\\uA779]","DZ":"[\\u01F1\\u01C4]","Dz":"[\\u01F2\\u01C5]","E":"[\\u0045\\u24BA\\uFF25\\u00C8\\u00C9\\u00CA\\u1EC0\\u1EBE\\u1EC4\\u1EC2\\u1EBC\\u0112\\u1E14\\u1E16\\u0114\\u0116\\u00CB\\u1EBA\\u011A\\u0204\\u0206\\u1EB8\\u1EC6\\u0228\\u1E1C\\u0118\\u1E18\\u1E1A\\u0190\\u018E]","F":"[\\u0046\\u24BB\\uFF26\\u1E1E\\u0191\\uA77B]","G":"[\\u0047\\u24BC\\uFF27\\u01F4\\u011C\\u1E20\\u011E\\u0120\\u01E6\\u0122\\u01E4\\u0193\\uA7A0\\uA77D\\uA77E]","H":"[\\u0048\\u24BD\\uFF28\\u0124\\u1E22\\u1E26\\u021E\\u1E24\\u1E28\\u1E2A\\u0126\\u2C67\\u2C75\\uA78D]","I":"[\\u0049\\u24BE\\uFF29\\u00CC\\u00CD\\u00CE\\u0128\\u012A\\u012C\\u0130\\u00CF\\u1E2E\\u1EC8\\u01CF\\u0208\\u020A\\u1ECA\\u012E\\u1E2C\\u0197]","J":"[\\u004A\\u24BF\\uFF2A\\u0134\\u0248]","K":"[\\u004B\\u24C0\\uFF2B\\u1E30\\u01E8\\u1E32\\u0136\\u1E34\\u0198\\u2C69\\uA740\\uA742\\uA744\\uA7A2]","L":"[\\u004C\\u24C1\\uFF2C\\u013F\\u0139\\u013D\\u1E36\\u1E38\\u013B\\u1E3C\\u1E3A\\u0141\\u023D\\u2C62\\u2C60\\uA748\\uA746\\uA780]","LJ":"[\\u01C7]","Lj":"[\\u01C8]","M":"[\\u004D\\u24C2\\uFF2D\\u1E3E\\u1E40\\u1E42\\u2C6E\\u019C]","N":"[\\u004E\\u24C3\\uFF2E\\u01F8\\u0143\\u00D1\\u1E44\\u0147\\u1E46\\u0145\\u1E4A\\u1E48\\u0220\\u019D\\uA790\\uA7A4]","NJ":"[\\u01CA]","Nj":"[\\u01CB]","O":"[\\u004F\\u24C4\\uFF2F\\u00D2\\u00D3\\u00D4\\u1ED2\\u1ED0\\u1ED6\\u1ED4\\u00D5\\u1E4C\\u022C\\u1E4E\\u014C\\u1E50\\u1E52\\u014E\\u022E\\u0230\\u00D6\\u022A\\u1ECE\\u0150\\u01D1\\u020C\\u020E\\u01A0\\u1EDC\\u1EDA\\u1EE0\\u1EDE\\u1EE2\\u1ECC\\u1ED8\\u01EA\\u01EC\\u00D8\\u01FE\\u0186\\u019F\\uA74A\\uA74C]","OI":"[\\u01A2]","OO":"[\\uA74E]","OU":"[\\u0222]","P":"[\\u0050\\u24C5\\uFF30\\u1E54\\u1E56\\u01A4\\u2C63\\uA750\\uA752\\uA754]","Q":"[\\u0051\\u24C6\\uFF31\\uA756\\uA758\\u024A]","R":"[\\u0052\\u24C7\\uFF32\\u0154\\u1E58\\u0158\\u0210\\u0212\\u1E5A\\u1E5C\\u0156\\u1E5E\\u024C\\u2C64\\uA75A\\uA7A6\\uA782]","S":"[\\u0053\\u24C8\\uFF33\\u1E9E\\u015A\\u1E64\\u015C\\u1E60\\u0160\\u1E66\\u1E62\\u1E68\\u0218\\u015E\\u2C7E\\uA7A8\\uA784]","T":"[\\u0054\\u24C9\\uFF34\\u1E6A\\u0164\\u1E6C\\u021A\\u0162\\u1E70\\u1E6E\\u0166\\u01AC\\u01AE\\u023E\\uA786]","TZ":"[\\uA728]","U":"[\\u0055\\u24CA\\uFF35\\u00D9\\u00DA\\u00DB\\u0168\\u1E78\\u016A\\u1E7A\\u016C\\u00DC\\u01DB\\u01D7\\u01D5\\u01D9\\u1EE6\\u016E\\u0170\\u01D3\\u0214\\u0216\\u01AF\\u1EEA\\u1EE8\\u1EEE\\u1EEC\\u1EF0\\u1EE4\\u1E72\\u0172\\u1E76\\u1E74\\u0244]","V":"[\\u0056\\u24CB\\uFF36\\u1E7C\\u1E7E\\u01B2\\uA75E\\u0245]","VY":"[\\uA760]","W":"[\\u0057\\u24CC\\uFF37\\u1E80\\u1E82\\u0174\\u1E86\\u1E84\\u1E88\\u2C72]","X":"[\\u0058\\u24CD\\uFF38\\u1E8A\\u1E8C]","Y":"[\\u0059\\u24CE\\uFF39\\u1EF2\\u00DD\\u0176\\u1EF8\\u0232\\u1E8E\\u0178\\u1EF6\\u1EF4\\u01B3\\u024E\\u1EFE]","Z":"[\\u005A\\u24CF\\uFF3A\\u0179\\u1E90\\u017B\\u017D\\u1E92\\u1E94\\u01B5\\u0224\\u2C7F\\u2C6B\\uA762]","a":"[\\u0061\\u24D0\\uFF41\\u1E9A\\u00E0\\u00E1\\u00E2\\u1EA7\\u1EA5\\u1EAB\\u1EA9\\u00E3\\u0101\\u0103\\u1EB1\\u1EAF\\u1EB5\\u1EB3\\u0227\\u01E1\\u00E4\\u01DF\\u1EA3\\u00E5\\u01FB\\u01CE\\u0201\\u0203\\u1EA1\\u1EAD\\u1EB7\\u1E01\\u0105\\u2C65\\u0250]","aa":"[\\uA733]","ae":"[\\u00E6\\u01FD\\u01E3]","ao":"[\\uA735]","au":"[\\uA737]","av":"[\\uA739\\uA73B]","ay":"[\\uA73D]","b":"[\\u0062\\u24D1\\uFF42\\u1E03\\u1E05\\u1E07\\u0180\\u0183\\u0253]","c":"[\\u0063\\u24D2\\uFF43\\u0107\\u0109\\u010B\\u010D\\u00E7\\u1E09\\u0188\\u023C\\uA73F\\u2184]","d":"[\\u0064\\u24D3\\uFF44\\u1E0B\\u010F\\u1E0D\\u1E11\\u1E13\\u1E0F\\u0111\\u018C\\u0256\\u0257\\uA77A]","dz":"[\\u01F3\\u01C6]","e":"[\\u0065\\u24D4\\uFF45\\u00E8\\u00E9\\u00EA\\u1EC1\\u1EBF\\u1EC5\\u1EC3\\u1EBD\\u0113\\u1E15\\u1E17\\u0115\\u0117\\u00EB\\u1EBB\\u011B\\u0205\\u0207\\u1EB9\\u1EC7\\u0229\\u1E1D\\u0119\\u1E19\\u1E1B\\u0247\\u025B\\u01DD]","f":"[\\u0066\\u24D5\\uFF46\\u1E1F\\u0192\\uA77C]","g":"[\\u0067\\u24D6\\uFF47\\u01F5\\u011D\\u1E21\\u011F\\u0121\\u01E7\\u0123\\u01E5\\u0260\\uA7A1\\u1D79\\uA77F]","h":"[\\u0068\\u24D7\\uFF48\\u0125\\u1E23\\u1E27\\u021F\\u1E25\\u1E29\\u1E2B\\u1E96\\u0127\\u2C68\\u2C76\\u0265]","hv":"[\\u0195]","i":"[\\u0069\\u24D8\\uFF49\\u00EC\\u00ED\\u00EE\\u0129\\u012B\\u012D\\u00EF\\u1E2F\\u1EC9\\u01D0\\u0209\\u020B\\u1ECB\\u012F\\u1E2D\\u0268\\u0131]","j":"[\\u006A\\u24D9\\uFF4A\\u0135\\u01F0\\u0249]","k":"[\\u006B\\u24DA\\uFF4B\\u1E31\\u01E9\\u1E33\\u0137\\u1E35\\u0199\\u2C6A\\uA741\\uA743\\uA745\\uA7A3]","l":"[\\u006C\\u24DB\\uFF4C\\u0140\\u013A\\u013E\\u1E37\\u1E39\\u013C\\u1E3D\\u1E3B\\u017F\\u0142\\u019A\\u026B\\u2C61\\uA749\\uA781\\uA747]","lj":"[\\u01C9]","m":"[\\u006D\\u24DC\\uFF4D\\u1E3F\\u1E41\\u1E43\\u0271\\u026F]","n":"[\\u006E\\u24DD\\uFF4E\\u01F9\\u0144\\u00F1\\u1E45\\u0148\\u1E47\\u0146\\u1E4B\\u1E49\\u019E\\u0272\\u0149\\uA791\\uA7A5]","nj":"[\\u01CC]","o":"[\\u006F\\u24DE\\uFF4F\\u00F2\\u00F3\\u00F4\\u1ED3\\u1ED1\\u1ED7\\u1ED5\\u00F5\\u1E4D\\u022D\\u1E4F\\u014D\\u1E51\\u1E53\\u014F\\u022F\\u0231\\u00F6\\u022B\\u1ECF\\u0151\\u01D2\\u020D\\u020F\\u01A1\\u1EDD\\u1EDB\\u1EE1\\u1EDF\\u1EE3\\u1ECD\\u1ED9\\u01EB\\u01ED\\u00F8\\u01FF\\u0254\\uA74B\\uA74D\\u0275]","oi":"[\\u01A3]","ou":"[\\u0223]","oo":"[\\uA74F]","p":"[\\u0070\\u24DF\\uFF50\\u1E55\\u1E57\\u01A5\\u1D7D\\uA751\\uA753\\uA755]","q":"[\\u0071\\u24E0\\uFF51\\u024B\\uA757\\uA759]","r":"[\\u0072\\u24E1\\uFF52\\u0155\\u1E59\\u0159\\u0211\\u0213\\u1E5B\\u1E5D\\u0157\\u1E5F\\u024D\\u027D\\uA75B\\uA7A7\\uA783]","s":"[\\u0073\\u24E2\\uFF53\\u015B\\u1E65\\u015D\\u1E61\\u0161\\u1E67\\u1E63\\u1E69\\u0219\\u015F\\u023F\\uA7A9\\uA785\\u1E9B]","ss":"[\\u00DF]","t":"[\\u0074\\u24E3\\uFF54\\u1E6B\\u1E97\\u0165\\u1E6D\\u021B\\u0163\\u1E71\\u1E6F\\u0167\\u01AD\\u0288\\u2C66\\uA787]","tz":"[\\uA729]","u":"[\\u0075\\u24E4\\uFF55\\u00F9\\u00FA\\u00FB\\u0169\\u1E79\\u016B\\u1E7B\\u016D\\u00FC\\u01DC\\u01D8\\u01D6\\u01DA\\u1EE7\\u016F\\u0171\\u01D4\\u0215\\u0217\\u01B0\\u1EEB\\u1EE9\\u1EEF\\u1EED\\u1EF1\\u1EE5\\u1E73\\u0173\\u1E77\\u1E75\\u0289]","v":"[\\u0076\\u24E5\\uFF56\\u1E7D\\u1E7F\\u028B\\uA75F\\u028C]","vy":"[\\uA761]","w":"[\\u0077\\u24E6\\uFF57\\u1E81\\u1E83\\u0175\\u1E87\\u1E85\\u1E98\\u1E89\\u2C73]","x":"[\\u0078\\u24E7\\uFF58\\u1E8B\\u1E8D]","y":"[\\u0079\\u24E8\\uFF59\\u1EF3\\u00FD\\u0177\\u1EF9\\u0233\\u1E8F\\u00FF\\u1EF7\\u1E99\\u1EF5\\u01B4\\u024F\\u1EFF]","z":"[\\u007A\\u24E9\\uFF5A\\u017A\\u1E91\\u017C\\u017E\\u1E93\\u1E95\\u01B6\\u0225\\u0240\\u2C6C\\uA763]"},"researchesTests":["contentHasTOC","contentHasShortParagraphs","contentHasAssets","keywordInTitle","keywordInMetaDescription","keywordInPermalink","keywordIn10Percent","keywordInContent","keywordInSubheadings","keywordInImageAlt","keywordDensity","keywordNotUsed","lengthContent","lengthPermalink","linksHasInternal","linksHasExternals","linksNotAllExternals","titleStartWithKeyword","titleSentiment","titleHasPowerWords","titleHasNumber","hasContentAI"],"hasRedirection":true,"hasBreadcrumb":false},"homeUrl":"https:\/\/www.bednar.com\/ro\/","objectID":357224,"objectType":"post","locale":"ro","localeFull":"ro_RO","overlayImages":{"play":{"name":"Play icon","url":"https:\/\/www.bednar.com\/wp-content\/plugins\/seo-by-rank-math\/assets\/admin\/img\/icon-play.png","path":"\/var\/www\/html\/wp-content\/plugins\/seo-by-rank-math\/assets\/admin\/img\/icon-play.png","position":"middle_center"},"gif":{"name":"GIF icon","url":"https:\/\/www.bednar.com\/wp-content\/plugins\/seo-by-rank-math\/assets\/admin\/img\/icon-gif.png","path":"\/var\/www\/html\/wp-content\/plugins\/seo-by-rank-math\/assets\/admin\/img\/icon-gif.png","position":"middle_center"}},"defautOgImage":"https:\/\/www.bednar.com\/wp-content\/plugins\/seo-by-rank-math\/assets\/admin\/img\/social-placeholder.jpg","customPermalinks":true,"isUserRegistered":true,"autoSuggestKeywords":true,"connectSiteUrl":"https:\/\/rankmath.com\/auth?site=https%3A%2F%2Fwww.bednar.com%2Fro%2F&r=https%3A%2F%2Fwww.bednar.com%2Fro%2Fwp-json%2Fwp%2Fv2%2Fpages%2F357224%3Fnonce%3D1d74392c1d","maxTags":5,"trendsIcon":"<svg viewBox=\"0 0 610 610\"><path d=\"M18.85,446,174.32,290.48l58.08,58.08L76.93,504a14.54,14.54,0,0,1-20.55,0L18.83,466.48a14.54,14.54,0,0,1,0-20.55Z\" style=\"fill:#4285f4\"\/><path d=\"M242.65,242.66,377.59,377.6l-47.75,47.75a14.54,14.54,0,0,1-20.55,0L174.37,290.43l47.75-47.75A14.52,14.52,0,0,1,242.65,242.66Z\" style=\"fill:#ea4335\"\/><polygon points=\"319.53 319.53 479.26 159.8 537.34 217.88 377.61 377.62 319.53 319.53\" style=\"fill:#fabb05\"\/><path d=\"M594.26,262.73V118.61h0a16.94,16.94,0,0,0-16.94-16.94H433.2a16.94,16.94,0,0,0-12,28.92L565.34,274.71h0a16.94,16.94,0,0,0,28.92-12Z\" style=\"fill:#34a853\"\/><rect width=\"610\" height=\"610\" style=\"fill:none\"\/><\/svg>","showScore":true,"siteFavIcon":"https:\/\/www.bednar.com\/wp-content\/uploads\/cropped-favicon_bednar-32x32.png","canUser":{"general":false,"advanced":false,"snippet":false,"social":false,"analysis":false,"analytics":false,"content_ai":false},"showKeywordIntent":true,"isPro":false,"is_front_page":false,"trendsUpgradeLink":"https:\/\/rankmath.com\/pricing\/?utm_source=Plugin&utm_medium=CE%20General%20Tab%20Trends&utm_campaign=WP","trendsUpgradeLabel":"Upgrade","trendsPreviewImage":"https:\/\/www.bednar.com\/wp-content\/plugins\/seo-by-rank-math\/assets\/admin\/img\/trends-preview.jpg","currentEditor":false,"homepageData":{"assessor":{"powerWords":[],"diacritics":true,"researchesTests":["contentHasTOC","contentHasShortParagraphs","contentHasAssets","keywordInTitle","keywordInMetaDescription","keywordInPermalink","keywordIn10Percent","keywordInContent","keywordInSubheadings","keywordInImageAlt","keywordDensity","keywordNotUsed","lengthContent","lengthPermalink","linksHasInternal","linksHasExternals","linksNotAllExternals","titleStartWithKeyword","titleSentiment","titleHasPowerWords","titleHasNumber","hasContentAI"],"hasBreadcrumb":false,"serpData":{"title":"%sitename% %page% %sep% %sitedesc%","description":"","titleTemplate":"%sitename% %page% %sep% %sitedesc%","descriptionTemplate":"","focusKeywords":"","breadcrumbTitle":"Home","robots":{"index":true},"advancedRobots":{"max-snippet":"-1","max-video-preview":"-1","max-image-preview":"large"},"facebookTitle":"","facebookDescription":"","facebookImage":"","facebookImageID":""}}},"tocTitle":"Table of Contents","tocExcludeHeadings":[],"listStyle":"ul"},"_links":{"self":[{"href":"https:\/\/www.bednar.com\/ro\/wp-json\/wp\/v2\/pages\/357224","targetHints":{"allow":["GET"]}}],"collection":[{"href":"https:\/\/www.bednar.com\/ro\/wp-json\/wp\/v2\/pages"}],"about":[{"href":"https:\/\/www.bednar.com\/ro\/wp-json\/wp\/v2\/types\/page"}],"author":[{"embeddable":true,"href":"https:\/\/www.bednar.com\/ro\/wp-json\/wp\/v2\/users\/3"}],"replies":[{"embeddable":true,"href":"https:\/\/www.bednar.com\/ro\/wp-json\/wp\/v2\/comments?post=357224"}],"version-history":[{"count":7,"href":"https:\/\/www.bednar.com\/ro\/wp-json\/wp\/v2\/pages\/357224\/revisions"}],"predecessor-version":[{"id":553739,"href":"https:\/\/www.bednar.com\/ro\/wp-json\/wp\/v2\/pages\/357224\/revisions\/553739"}],"wp:attachment":[{"href":"https:\/\/www.bednar.com\/ro\/wp-json\/wp\/v2\/media?parent=357224"}],"curies":[{"name":"wp","href":"https:\/\/api.w.org\/{rel}","templated":true}]}}