{"id":404466,"date":"2021-03-01T13:26:31","date_gmt":"2021-03-01T12:26:31","guid":{"rendered":"https:\/\/www.bednar.com\/manufacturing\/"},"modified":"2021-10-01T09:48:12","modified_gmt":"2021-10-01T07:48:12","slug":"manufacturing","status":"publish","type":"page","link":"https:\/\/www.bednar.com\/pl\/fabryka\/","title":{"rendered":"Produkcja"},"content":{"rendered":"","protected":false},"excerpt":{"rendered":"<p>BEDNAR zako\u0144czy\u0142 ostatni\u0105 faz\u0119 budowy zak\u0142adu produkcyjnego w Rychnovie nad Kn\u011b\u017enou w 2020 roku. By\u0142a to najwi\u0119ksza i najdro\u017csza inwestycja Sp\u00f3\u0142ki w historii. Budowa obejmowa\u0142a dwukondygnacyjn\u0105 hal\u0119 monta\u017cow\u0105 \u201eF\u201d o powierzchni 13 589 m2. G\u00f3rna kondygnacja s\u0142u\u017cy do wszystkich wst\u0119pnych monta\u017cy element\u00f3w i podzespo\u0142\u00f3w, parter s\u0142u\u017cy do ko\u0144cowego monta\u017cu maszyn, kt\u00f3re s\u0105 tam kontrolowane i paletyzowane do transportu w razie potrzeby.<\/p>\n","protected":false},"author":2,"featured_media":0,"parent":0,"menu_order":0,"comment_status":"closed","ping_status":"closed","template":"","meta":{"_acf_changed":false,"footnotes":""},"class_list":["post-404466","page","type-page","status-publish","hentry"],"acf":{"item-bg":548335,"item-bg-mobile":false,"item-youtube":"","item-title":"","fixed-title":"","item-desc":"","item-mach-desc":"","item-mach-config":"","item-mach-down":"","item-align":false,"item-code":"","google-map":"","disable-header":false,"main-content":[{"acf_fc_layout":"section-title","item-title":"MIEJSCE, GDZIE MASZYNY FIRMY BEDNAR, CZESKIEJ, RODZINNEJ FIRMY S\u0104 SK\u0141ADANE CZ\u0118\u015a\u0106 PO CZ\u0118\u015aCI","item-desc":"<p><strong>BEDNAR<\/strong> zako\u0144czy\u0142 ostatni\u0105 faz\u0119 budowy zak\u0142adu produkcyjnego w Rychnovie nad Kn\u011b\u017enou w 2020 roku. By\u0142a to najwi\u0119ksza i najdro\u017csza inwestycja Sp\u00f3\u0142ki w historii. Budowa obejmowa\u0142a dwukondygnacyjn\u0105 hal\u0119 monta\u017cow\u0105 \u201eF\u201d o powierzchni 13 589 m2. G\u00f3rna kondygnacja s\u0142u\u017cy do wszystkich wst\u0119pnych monta\u017cy element\u00f3w i podzespo\u0142\u00f3w, parter s\u0142u\u017cy do ko\u0144cowego monta\u017cu maszyn, kt\u00f3re s\u0105 tam kontrolowane i paletyzowane do transportu w razie potrzeby.<\/p>\n","item-mach-par":false},{"acf_fc_layout":"section-content","item-icon":false,"item-subtitle":"","item-title":"POPRAWA JAKO\u015aCI \u015aRODOWISKA PRACY","item-photo":353017,"item-video-id":"","item-content":"<p>W budowie znalaz\u0142y si\u0119 r\u00f3wnie\u017c pomieszczenia biurowe dla kierownictwa zak\u0142adu produkcyjnego, zaplecze socjalne z szatniami dla pracownik\u00f3w, magazyny, pomieszczenia techniczne, stacje rozdzielcze i inne. Lakiernia (Hala CDE) jest teraz po\u0142\u0105czona z now\u0105 hal\u0105 monta\u017cow\u0105 za pomoc\u0105 mi\u0119dzykondygnacyjnego automatycznego przeno\u015bnika ze stref\u0105 magazynow\u0105 na najwy\u017cszym pi\u0119trze i stref\u0105 monta\u017cu malowanych cz\u0119\u015bci poni\u017cej lakierni. Bezpo\u015brednie po\u0142\u0105czenie transportu cz\u0119\u015bci z lakierni do hali monta\u017cowej wyeliminowa\u0142o sk\u0105din\u0105d skomplikowany i wymagaj\u0105cy transport cz\u0119\u015bci, a tak\u017ce zmniejszy\u0142o ryzyko uszkodzenia. Pojemno\u015b\u0107 nowej hali produkcyjnej znacznie przekracza nasze pierwotne mo\u017cliwo\u015bci i pozwala nam pracowa\u0107 z du\u017c\u0105 wydajno\u015bci\u0105 w pracy dwuzmianowej.<\/p>\n","item-button":"","item-button-url":"","item-button-url-int":false,"item-button-class":"","tabs":false,"toggles":false,"gallery":false},{"acf_fc_layout":"section-content","item-icon":false,"item-subtitle":"","item-title":"NOWA HALA ZA\u0141ADUNKU","item-photo":353021,"item-video-id":"","item-content":"<p>W 2020 roku zako\u0144czyli\u015bmy r\u00f3wnie\u017c budow\u0119 hali wysy\u0142kowej \u201eG\u201d i przyleg\u0142ych dr\u00f3g. To kolejny wa\u017cny w\u0119ze\u0142 logistyczny mi\u0119dzy produkcj\u0105, a konsumentami. Ta cz\u0119\u015b\u0107 przez d\u0142ugi czas nie by\u0142a w \u017caden spos\u00f3b modernizowana, aby przyczyni\u0107 si\u0119 do zwi\u0119kszenia zdolno\u015bci dyspozytorskiej oraz poprawy warunk\u00f3w pracy i bezpiecze\u0144stwa, i higieny pracy. Spodziewamy si\u0119, \u017ce inwestycja ta, opr\u00f3cz wy\u017cej wymienionych, zapewni stabilne przej\u015bcie przez wysy\u0142k\u0119 w ka\u017cdych warunkach atmosferycznych i pomo\u017ce pokry\u0107 zwi\u0119kszone zapotrzebowanie spedycyjne w g\u0142\u00f3wnym sezonie.<\/p>\n","item-button":"","item-button-url":"","item-button-url-int":false,"item-button-class":"","tabs":false,"toggles":false,"gallery":false},{"acf_fc_layout":"section-content","item-icon":false,"item-subtitle":"","item-title":"P\u00d3\u0141AUTOMATYCZNY MAGAZYN","item-photo":353025,"item-video-id":"","item-content":"<p>Inne projekty, kt\u00f3re BEDNAR zdecydowa\u0142 si\u0119 zrealizowa\u0107 w 2020 roku to przebudowa hali \u201eA\u201d, kt\u00f3ra zostanie przebudowana na funkcjonowanie magazynu p\u00f3\u0142automatycznego. Wykorzystanie mapy magazynowej i automatycznej nawigacji samochod\u00f3w ci\u0119\u017carowych do lokalizacji znacznie poprawi efektywno\u015b\u0107 procesu przyjmowania i wydawania towar\u00f3w niskokosztowych i paletowych. Wydawanie materia\u0142u zostanie zoptymalizowane pod k\u0105tem potrzeb nowej hali monta\u017cowej, sprawiaj\u0105c, \u017ce przysz\u0142e przep\u0142ywy magazynowe b\u0119d\u0105 odpowiednio zminiejszone. Bie\u017c\u0105ca faza obejmowa\u0142a r\u00f3wnie\u017c budow\u0119 innych tras dla zwiedzaj\u0105cych i ich po\u0142\u0105czenie z istniej\u0105cymi ju\u017c trasami i pomostami.<\/p>\n","item-button":"","item-button-url":"","item-button-url-int":false,"item-button-class":"","tabs":false,"toggles":false,"gallery":false},{"acf_fc_layout":"section-content","item-icon":false,"item-subtitle":"","item-title":"ZR\u00d3WNOWA\u017bONY WZROST POWIERZCHNI MONTA\u017bOWYCH","item-photo":353029,"item-video-id":"","item-content":"<p>W ci\u0105gu ostatnich dw\u00f3ch lat firma poprawi\u0142a moc produkcyjn\u0105, aby sprosta\u0107 rosn\u0105cemu popytowi. W roku 2017 konieczne by\u0142o wybudowanie nowej hali magazynowej o wi\u0119kszej pojemno\u015bci do przechowywania komponent\u00f3w maszyn oraz rozszerzenie obszaru parkingowego, aby zaspokoi\u0107 zapotrzebowanie na kr\u00f3tkoterminowe przechowywanie gotowych maszyn wyznaczonych do przesy\u0142ki. Na pocz\u0105tku roku 2018 przydzielono nowy projekt dalszej rozbudowy mocy produkcyjnych i modernizacji zak\u0142adu. Rozpocz\u0119to budow\u0119 nowej hali ekspedycyjnej oraz po\u0142\u0105czenie zak\u0142adu produkcyjnego z g\u0142\u00f3wn\u0105 drog\u0105 ze wzgl\u0119du na stale rosn\u0105ce zapotrzebowanie na szybk\u0105 wysy\u0142k\u0119 produkt\u00f3w.<\/p>\n","item-button":"","item-button-url":"","item-button-url-int":false,"item-button-class":"","tabs":false,"toggles":false,"gallery":false},{"acf_fc_layout":"section-content","item-icon":false,"item-subtitle":"","item-title":"ZAK\u0141AD PRODUKCYJNY W MIEJSCOWO\u015aCI DOUDLEBY NAD ORLICI","item-photo":353033,"item-video-id":"","item-content":"<p>Produkcja to \u017cywy proces, kt\u00f3ry wymaga ci\u0105g\u0142ego kontrolowania i reagowania na nie oczekiwane sytuacje i potrzeby firmy. Jedn\u0105 z takich potrzeb by\u0142o rozpocz\u0119cie produkcji w zak\u0142adzie Doudleby nad Orlic\u00ed w 2017, kt\u00f3ry u\u017cywany by\u0142 wcze\u015bniej jako miejsce dla dzia\u0142u rozwoju i serwisu, zaraz po siedzibie g\u0142\u00f3wnej fabryki czyli Rychnov nad Kn\u011b\u017enou. Dzi\u0119ki poniesionym inwestycjom firma zdo\u0142a\u0142a przekszta\u0142ci\u0107 i wyposa\u017cy\u0107 hale pierwotnie przeznaczone jako miejsce magazynowe, na miejsca produkcyjne z lini\u0105 monta\u017cow\u0105. Doudleby Centre nadal zapewnia miejsce dla dzia\u0142u rozwoju i serwisu oraz stanowi miejsce produkcyjne (ma\u0142e serie) przeniesione z fabryki Rychnov nad Kn\u011b\u017enou.<\/p>\n","item-button":"","item-button-url":"","item-button-url-int":false,"item-button-class":"","tabs":false,"toggles":false,"gallery":false},{"acf_fc_layout":"section-content","item-icon":false,"item-subtitle":"","item-title":"CENTRALNY MAGAZYN CZ\u0118\u015aCI ZAMIENNYCH","item-photo":352096,"item-video-id":"","item-content":"<p>Poniewa\u017c zdajemy sobie spraw\u0119, \u017ce to klienci pozwalaj\u0105 nam projektowa\u0107 i produkowa\u0107 maszyny rolnicze, inwestujemy nie tylko w zwi\u0119kszanie wydajno\u015bci produkcji maszyn, ale tak\u017ce w obs\u0142ug\u0119 klienta \u2013 na przyk\u0142ad w dost\u0119pno\u015b\u0107 cz\u0119\u015bci zamiennych. BEDNAR FMT corocznie zwi\u0119ksza inwestycje w stany magazynowe cz\u0119\u015bci zamiennych. W po\u0142owie 2018 roku konieczne sta\u0142o si\u0119 ca\u0142kowite oddzielenie dzia\u0142u cz\u0119\u015bci zamiennych i umo\u017cliwienie jego dalszego rozwoju ze wzgl\u0119du na rosn\u0105ce zapotrzebowanie na przechowywanie cz\u0119\u015bci zamiennych i trwaj\u0105c\u0105 budow\u0119 nowych hal w g\u0142\u00f3wnym zak\u0142adzie. Dlatego BEDNAR FMT za\u0142o\u017cy\u0142 trzecie centrum w Kostelec nad Orlic\u00ed, kt\u00f3re s\u0142u\u017cy jako centralny magazyn cz\u0119\u015bci zamiennych. Dogodna lokalizacja (dost\u0119pno\u015b\u0107 do g\u0142\u00f3wnego zak\u0142adu oraz g\u0142\u00f3wnych dr\u00f3g) i wi\u0119cej ni\u017c wystarczaj\u0105ca pojemno\u015b\u0107 magazynowa zapewni\u0105 lepsz\u0105 i dost\u0119pno\u015b\u0107 cz\u0119\u015bci zamiennych dla klient\u00f3w.<\/p>\n","item-button":"","item-button-url":"","item-button-url-int":false,"item-button-class":"","tabs":false,"toggles":false,"gallery":false},{"acf_fc_layout":"section-content","item-icon":false,"item-subtitle":"","item-title":"","item-photo":491947,"item-video-id":"","item-content":"<p>\u201e<em>Wierz\u0119, \u017ce wszystkie opisane powy\u017cej rzeczy pomog\u0105 nam zrobi\u0107 znacz\u0105cy krok naprz\u00f3d. Daj\u0105 nam nowe mo\u017cliwo\u015bci, do\u015bwiadczenie i zaanga\u017cowanie w wykonywanie naszej pracy najlepiej jak tylko potrafimy.<\/em>\u201d<\/p>\n<p>Vojt\u011bch Bedn\u00e1\u0159<br \/>\nBEDNAR FMT Szef produkcji<\/p>\n","item-button":"","item-button-url":"","item-button-url-int":false,"item-button-class":"","tabs":false,"toggles":false,"gallery":false}],"nav-main-cat":false,"nav-sub-cat":false,"_aviaLayoutBuilderCleanData":"","page-type":"other","pageGroup":"","post-new-website":false},"rankMath":{"parentDomain":"www.bednar.com","noFollowDomains":[],"noFollowExcludeDomains":[],"noFollowExternalLinks":false,"featuredImageNotice":"Prezentowany obraz powinien mie\u0107 co najmniej 200 na 200 pikseli, aby m\u00f3g\u0142 go pobra\u0107 Facebook i inne serwisy spo\u0142eczno\u015bciowe.","pluginReviewed":true,"postSettings":{"linkSuggestions":true,"useFocusKeyword":false},"frontEndScore":false,"postName":"manufacturing","permalinkFormat":"https:\/\/www.bednar.com\/pl\/fabryka\/","showLockModifiedDate":true,"assessor":{"focusKeywordLink":"https:\/\/www.bednar.com\/wp-admin\/edit.php?focus_keyword=%focus_keyword%&post_type=%post_type%","hasTOCPlugin":false,"primaryTaxonomy":false,"serpData":{"title":"","description":"","focusKeywords":"","pillarContent":false,"canonicalUrl":"","breadcrumbTitle":"","advancedRobots":{"max-snippet":"-1","max-video-preview":"-1","max-image-preview":"large"},"facebookTitle":"","facebookDescription":"","facebookImage":"","facebookImageID":"","facebookHasOverlay":false,"facebookImageOverlay":"play","facebookAuthor":"","twitterCardType":"summary_large_image","twitterUseFacebook":true,"twitterTitle":"","twitterDescription":"","twitterImage":"","twitterImageID":"","twitterHasOverlay":false,"twitterImageOverlay":"play","twitterPlayerUrl":"","twitterPlayerSize":"","twitterPlayerStream":"","twitterPlayerStreamCtype":"","twitterAppDescription":"","twitterAppIphoneName":"","twitterAppIphoneID":"","twitterAppIphoneUrl":"","twitterAppIpadName":"","twitterAppIpadID":"","twitterAppIpadUrl":"","twitterAppGoogleplayName":"","twitterAppGoogleplayID":"","twitterAppGoogleplayUrl":"","twitterAppCountry":"","robots":{"index":true},"twitterAuthor":"u\u017cytkownik","primaryTerm":0,"authorName":"David Harnisch","titleTemplate":"%title% %sep% %sitename%","descriptionTemplate":"%excerpt%","showScoreFrontend":true,"lockModifiedDate":false},"powerWords":[],"diacritics":{"A":"[\\u0041\\u24B6\\uFF21\\u00C0\\u00C1\\u00C2\\u1EA6\\u1EA4\\u1EAA\\u1EA8\\u00C3\\u0100\\u0102\\u1EB0\\u1EAE\\u1EB4\\u1EB2\\u0226\\u01E0\\u00C4\\u01DE\\u1EA2\\u00C5\\u01FA\\u01CD\\u0200\\u0202\\u1EA0\\u1EAC\\u1EB6\\u1E00\\u0104\\u023A\\u2C6F]","AA":"[\\uA732]","AE":"[\\u00C6\\u01FC\\u01E2]","AO":"[\\uA734]","AU":"[\\uA736]","AV":"[\\uA738\\uA73A]","AY":"[\\uA73C]","B":"[\\u0042\\u24B7\\uFF22\\u1E02\\u1E04\\u1E06\\u0243\\u0182\\u0181]","C":"[\\u0043\\u24B8\\uFF23\\u0106\\u0108\\u010A\\u010C\\u00C7\\u1E08\\u0187\\u023B\\uA73E]","D":"[\\u0044\\u24B9\\uFF24\\u1E0A\\u010E\\u1E0C\\u1E10\\u1E12\\u1E0E\\u0110\\u018B\\u018A\\u0189\\uA779]","DZ":"[\\u01F1\\u01C4]","Dz":"[\\u01F2\\u01C5]","E":"[\\u0045\\u24BA\\uFF25\\u00C8\\u00C9\\u00CA\\u1EC0\\u1EBE\\u1EC4\\u1EC2\\u1EBC\\u0112\\u1E14\\u1E16\\u0114\\u0116\\u00CB\\u1EBA\\u011A\\u0204\\u0206\\u1EB8\\u1EC6\\u0228\\u1E1C\\u0118\\u1E18\\u1E1A\\u0190\\u018E]","F":"[\\u0046\\u24BB\\uFF26\\u1E1E\\u0191\\uA77B]","G":"[\\u0047\\u24BC\\uFF27\\u01F4\\u011C\\u1E20\\u011E\\u0120\\u01E6\\u0122\\u01E4\\u0193\\uA7A0\\uA77D\\uA77E]","H":"[\\u0048\\u24BD\\uFF28\\u0124\\u1E22\\u1E26\\u021E\\u1E24\\u1E28\\u1E2A\\u0126\\u2C67\\u2C75\\uA78D]","I":"[\\u0049\\u24BE\\uFF29\\u00CC\\u00CD\\u00CE\\u0128\\u012A\\u012C\\u0130\\u00CF\\u1E2E\\u1EC8\\u01CF\\u0208\\u020A\\u1ECA\\u012E\\u1E2C\\u0197]","J":"[\\u004A\\u24BF\\uFF2A\\u0134\\u0248]","K":"[\\u004B\\u24C0\\uFF2B\\u1E30\\u01E8\\u1E32\\u0136\\u1E34\\u0198\\u2C69\\uA740\\uA742\\uA744\\uA7A2]","L":"[\\u004C\\u24C1\\uFF2C\\u013F\\u0139\\u013D\\u1E36\\u1E38\\u013B\\u1E3C\\u1E3A\\u0141\\u023D\\u2C62\\u2C60\\uA748\\uA746\\uA780]","LJ":"[\\u01C7]","Lj":"[\\u01C8]","M":"[\\u004D\\u24C2\\uFF2D\\u1E3E\\u1E40\\u1E42\\u2C6E\\u019C]","N":"[\\u004E\\u24C3\\uFF2E\\u01F8\\u0143\\u00D1\\u1E44\\u0147\\u1E46\\u0145\\u1E4A\\u1E48\\u0220\\u019D\\uA790\\uA7A4]","NJ":"[\\u01CA]","Nj":"[\\u01CB]","O":"[\\u004F\\u24C4\\uFF2F\\u00D2\\u00D3\\u00D4\\u1ED2\\u1ED0\\u1ED6\\u1ED4\\u00D5\\u1E4C\\u022C\\u1E4E\\u014C\\u1E50\\u1E52\\u014E\\u022E\\u0230\\u00D6\\u022A\\u1ECE\\u0150\\u01D1\\u020C\\u020E\\u01A0\\u1EDC\\u1EDA\\u1EE0\\u1EDE\\u1EE2\\u1ECC\\u1ED8\\u01EA\\u01EC\\u00D8\\u01FE\\u0186\\u019F\\uA74A\\uA74C]","OI":"[\\u01A2]","OO":"[\\uA74E]","OU":"[\\u0222]","P":"[\\u0050\\u24C5\\uFF30\\u1E54\\u1E56\\u01A4\\u2C63\\uA750\\uA752\\uA754]","Q":"[\\u0051\\u24C6\\uFF31\\uA756\\uA758\\u024A]","R":"[\\u0052\\u24C7\\uFF32\\u0154\\u1E58\\u0158\\u0210\\u0212\\u1E5A\\u1E5C\\u0156\\u1E5E\\u024C\\u2C64\\uA75A\\uA7A6\\uA782]","S":"[\\u0053\\u24C8\\uFF33\\u1E9E\\u015A\\u1E64\\u015C\\u1E60\\u0160\\u1E66\\u1E62\\u1E68\\u0218\\u015E\\u2C7E\\uA7A8\\uA784]","T":"[\\u0054\\u24C9\\uFF34\\u1E6A\\u0164\\u1E6C\\u021A\\u0162\\u1E70\\u1E6E\\u0166\\u01AC\\u01AE\\u023E\\uA786]","TZ":"[\\uA728]","U":"[\\u0055\\u24CA\\uFF35\\u00D9\\u00DA\\u00DB\\u0168\\u1E78\\u016A\\u1E7A\\u016C\\u00DC\\u01DB\\u01D7\\u01D5\\u01D9\\u1EE6\\u016E\\u0170\\u01D3\\u0214\\u0216\\u01AF\\u1EEA\\u1EE8\\u1EEE\\u1EEC\\u1EF0\\u1EE4\\u1E72\\u0172\\u1E76\\u1E74\\u0244]","V":"[\\u0056\\u24CB\\uFF36\\u1E7C\\u1E7E\\u01B2\\uA75E\\u0245]","VY":"[\\uA760]","W":"[\\u0057\\u24CC\\uFF37\\u1E80\\u1E82\\u0174\\u1E86\\u1E84\\u1E88\\u2C72]","X":"[\\u0058\\u24CD\\uFF38\\u1E8A\\u1E8C]","Y":"[\\u0059\\u24CE\\uFF39\\u1EF2\\u00DD\\u0176\\u1EF8\\u0232\\u1E8E\\u0178\\u1EF6\\u1EF4\\u01B3\\u024E\\u1EFE]","Z":"[\\u005A\\u24CF\\uFF3A\\u0179\\u1E90\\u017B\\u017D\\u1E92\\u1E94\\u01B5\\u0224\\u2C7F\\u2C6B\\uA762]","a":"[\\u0061\\u24D0\\uFF41\\u1E9A\\u00E0\\u00E1\\u00E2\\u1EA7\\u1EA5\\u1EAB\\u1EA9\\u00E3\\u0101\\u0103\\u1EB1\\u1EAF\\u1EB5\\u1EB3\\u0227\\u01E1\\u00E4\\u01DF\\u1EA3\\u00E5\\u01FB\\u01CE\\u0201\\u0203\\u1EA1\\u1EAD\\u1EB7\\u1E01\\u0105\\u2C65\\u0250]","aa":"[\\uA733]","ae":"[\\u00E6\\u01FD\\u01E3]","ao":"[\\uA735]","au":"[\\uA737]","av":"[\\uA739\\uA73B]","ay":"[\\uA73D]","b":"[\\u0062\\u24D1\\uFF42\\u1E03\\u1E05\\u1E07\\u0180\\u0183\\u0253]","c":"[\\u0063\\u24D2\\uFF43\\u0107\\u0109\\u010B\\u010D\\u00E7\\u1E09\\u0188\\u023C\\uA73F\\u2184]","d":"[\\u0064\\u24D3\\uFF44\\u1E0B\\u010F\\u1E0D\\u1E11\\u1E13\\u1E0F\\u0111\\u018C\\u0256\\u0257\\uA77A]","dz":"[\\u01F3\\u01C6]","e":"[\\u0065\\u24D4\\uFF45\\u00E8\\u00E9\\u00EA\\u1EC1\\u1EBF\\u1EC5\\u1EC3\\u1EBD\\u0113\\u1E15\\u1E17\\u0115\\u0117\\u00EB\\u1EBB\\u011B\\u0205\\u0207\\u1EB9\\u1EC7\\u0229\\u1E1D\\u0119\\u1E19\\u1E1B\\u0247\\u025B\\u01DD]","f":"[\\u0066\\u24D5\\uFF46\\u1E1F\\u0192\\uA77C]","g":"[\\u0067\\u24D6\\uFF47\\u01F5\\u011D\\u1E21\\u011F\\u0121\\u01E7\\u0123\\u01E5\\u0260\\uA7A1\\u1D79\\uA77F]","h":"[\\u0068\\u24D7\\uFF48\\u0125\\u1E23\\u1E27\\u021F\\u1E25\\u1E29\\u1E2B\\u1E96\\u0127\\u2C68\\u2C76\\u0265]","hv":"[\\u0195]","i":"[\\u0069\\u24D8\\uFF49\\u00EC\\u00ED\\u00EE\\u0129\\u012B\\u012D\\u00EF\\u1E2F\\u1EC9\\u01D0\\u0209\\u020B\\u1ECB\\u012F\\u1E2D\\u0268\\u0131]","j":"[\\u006A\\u24D9\\uFF4A\\u0135\\u01F0\\u0249]","k":"[\\u006B\\u24DA\\uFF4B\\u1E31\\u01E9\\u1E33\\u0137\\u1E35\\u0199\\u2C6A\\uA741\\uA743\\uA745\\uA7A3]","l":"[\\u006C\\u24DB\\uFF4C\\u0140\\u013A\\u013E\\u1E37\\u1E39\\u013C\\u1E3D\\u1E3B\\u017F\\u0142\\u019A\\u026B\\u2C61\\uA749\\uA781\\uA747]","lj":"[\\u01C9]","m":"[\\u006D\\u24DC\\uFF4D\\u1E3F\\u1E41\\u1E43\\u0271\\u026F]","n":"[\\u006E\\u24DD\\uFF4E\\u01F9\\u0144\\u00F1\\u1E45\\u0148\\u1E47\\u0146\\u1E4B\\u1E49\\u019E\\u0272\\u0149\\uA791\\uA7A5]","nj":"[\\u01CC]","o":"[\\u006F\\u24DE\\uFF4F\\u00F2\\u00F3\\u00F4\\u1ED3\\u1ED1\\u1ED7\\u1ED5\\u00F5\\u1E4D\\u022D\\u1E4F\\u014D\\u1E51\\u1E53\\u014F\\u022F\\u0231\\u00F6\\u022B\\u1ECF\\u0151\\u01D2\\u020D\\u020F\\u01A1\\u1EDD\\u1EDB\\u1EE1\\u1EDF\\u1EE3\\u1ECD\\u1ED9\\u01EB\\u01ED\\u00F8\\u01FF\\u0254\\uA74B\\uA74D\\u0275]","oi":"[\\u01A3]","ou":"[\\u0223]","oo":"[\\uA74F]","p":"[\\u0070\\u24DF\\uFF50\\u1E55\\u1E57\\u01A5\\u1D7D\\uA751\\uA753\\uA755]","q":"[\\u0071\\u24E0\\uFF51\\u024B\\uA757\\uA759]","r":"[\\u0072\\u24E1\\uFF52\\u0155\\u1E59\\u0159\\u0211\\u0213\\u1E5B\\u1E5D\\u0157\\u1E5F\\u024D\\u027D\\uA75B\\uA7A7\\uA783]","s":"[\\u0073\\u24E2\\uFF53\\u015B\\u1E65\\u015D\\u1E61\\u0161\\u1E67\\u1E63\\u1E69\\u0219\\u015F\\u023F\\uA7A9\\uA785\\u1E9B]","ss":"[\\u00DF]","t":"[\\u0074\\u24E3\\uFF54\\u1E6B\\u1E97\\u0165\\u1E6D\\u021B\\u0163\\u1E71\\u1E6F\\u0167\\u01AD\\u0288\\u2C66\\uA787]","tz":"[\\uA729]","u":"[\\u0075\\u24E4\\uFF55\\u00F9\\u00FA\\u00FB\\u0169\\u1E79\\u016B\\u1E7B\\u016D\\u00FC\\u01DC\\u01D8\\u01D6\\u01DA\\u1EE7\\u016F\\u0171\\u01D4\\u0215\\u0217\\u01B0\\u1EEB\\u1EE9\\u1EEF\\u1EED\\u1EF1\\u1EE5\\u1E73\\u0173\\u1E77\\u1E75\\u0289]","v":"[\\u0076\\u24E5\\uFF56\\u1E7D\\u1E7F\\u028B\\uA75F\\u028C]","vy":"[\\uA761]","w":"[\\u0077\\u24E6\\uFF57\\u1E81\\u1E83\\u0175\\u1E87\\u1E85\\u1E98\\u1E89\\u2C73]","x":"[\\u0078\\u24E7\\uFF58\\u1E8B\\u1E8D]","y":"[\\u0079\\u24E8\\uFF59\\u1EF3\\u00FD\\u0177\\u1EF9\\u0233\\u1E8F\\u00FF\\u1EF7\\u1E99\\u1EF5\\u01B4\\u024F\\u1EFF]","z":"[\\u007A\\u24E9\\uFF5A\\u017A\\u1E91\\u017C\\u017E\\u1E93\\u1E95\\u01B6\\u0225\\u0240\\u2C6C\\uA763]"},"researchesTests":["contentHasTOC","contentHasShortParagraphs","contentHasAssets","keywordInTitle","keywordInMetaDescription","keywordInPermalink","keywordIn10Percent","keywordInContent","keywordInSubheadings","keywordInImageAlt","keywordDensity","keywordNotUsed","lengthContent","lengthPermalink","linksHasInternal","linksHasExternals","linksNotAllExternals","titleStartWithKeyword","titleSentiment","titleHasPowerWords","titleHasNumber","hasContentAI"],"hasRedirection":true,"hasBreadcrumb":false},"homeUrl":"https:\/\/www.bednar.com\/pl\/","objectID":404466,"objectType":"post","locale":"pl","localeFull":"pl_PL","overlayImages":{"play":{"name":"Ikona PLAY","url":"https:\/\/www.bednar.com\/wp-content\/plugins\/seo-by-rank-math\/assets\/admin\/img\/icon-play.png","path":"\/var\/www\/html\/wp-content\/plugins\/seo-by-rank-math\/assets\/admin\/img\/icon-play.png","position":"middle_center"},"gif":{"name":"Ikona GIF","url":"https:\/\/www.bednar.com\/wp-content\/plugins\/seo-by-rank-math\/assets\/admin\/img\/icon-gif.png","path":"\/var\/www\/html\/wp-content\/plugins\/seo-by-rank-math\/assets\/admin\/img\/icon-gif.png","position":"middle_center"}},"defautOgImage":"https:\/\/www.bednar.com\/wp-content\/plugins\/seo-by-rank-math\/assets\/admin\/img\/social-placeholder.jpg","customPermalinks":true,"isUserRegistered":true,"autoSuggestKeywords":true,"connectSiteUrl":"https:\/\/rankmath.com\/auth?site=https%3A%2F%2Fwww.bednar.com%2Fpl%2F&r=https%3A%2F%2Fwww.bednar.com%2Fpl%2Fwp-json%2Fwp%2Fv2%2Fpages%2F404466%3Fnonce%3Da197868c7b","maxTags":5,"trendsIcon":"<svg viewBox=\"0 0 610 610\"><path d=\"M18.85,446,174.32,290.48l58.08,58.08L76.93,504a14.54,14.54,0,0,1-20.55,0L18.83,466.48a14.54,14.54,0,0,1,0-20.55Z\" style=\"fill:#4285f4\"\/><path d=\"M242.65,242.66,377.59,377.6l-47.75,47.75a14.54,14.54,0,0,1-20.55,0L174.37,290.43l47.75-47.75A14.52,14.52,0,0,1,242.65,242.66Z\" style=\"fill:#ea4335\"\/><polygon points=\"319.53 319.53 479.26 159.8 537.34 217.88 377.61 377.62 319.53 319.53\" style=\"fill:#fabb05\"\/><path d=\"M594.26,262.73V118.61h0a16.94,16.94,0,0,0-16.94-16.94H433.2a16.94,16.94,0,0,0-12,28.92L565.34,274.71h0a16.94,16.94,0,0,0,28.92-12Z\" style=\"fill:#34a853\"\/><rect width=\"610\" height=\"610\" style=\"fill:none\"\/><\/svg>","showScore":true,"siteFavIcon":"https:\/\/www.bednar.com\/wp-content\/uploads\/cropped-favicon_bednar-32x32.png","canUser":{"general":false,"advanced":false,"snippet":false,"social":false,"analysis":false,"analytics":false,"content_ai":false},"showKeywordIntent":true,"isPro":false,"is_front_page":false,"trendsUpgradeLink":"https:\/\/rankmath.com\/pricing\/?utm_source=Plugin&utm_medium=CE%20General%20Tab%20Trends&utm_campaign=WP","trendsUpgradeLabel":"Ulepszenie","trendsPreviewImage":"https:\/\/www.bednar.com\/wp-content\/plugins\/seo-by-rank-math\/assets\/admin\/img\/trends-preview.jpg","currentEditor":false,"homepageData":{"assessor":{"powerWords":[],"diacritics":true,"researchesTests":["contentHasTOC","contentHasShortParagraphs","contentHasAssets","keywordInTitle","keywordInMetaDescription","keywordInPermalink","keywordIn10Percent","keywordInContent","keywordInSubheadings","keywordInImageAlt","keywordDensity","keywordNotUsed","lengthContent","lengthPermalink","linksHasInternal","linksHasExternals","linksNotAllExternals","titleStartWithKeyword","titleSentiment","titleHasPowerWords","titleHasNumber","hasContentAI"],"hasBreadcrumb":false,"serpData":{"title":"%sitename% %page% %sep% %sitedesc%","description":"","titleTemplate":"%sitename% %page% %sep% %sitedesc%","descriptionTemplate":"","focusKeywords":"","breadcrumbTitle":"Home","robots":{"index":true},"advancedRobots":{"max-snippet":"-1","max-video-preview":"-1","max-image-preview":"large"},"facebookTitle":"","facebookDescription":"","facebookImage":"","facebookImageID":""}}},"tocTitle":"Table of Contents","tocExcludeHeadings":[],"listStyle":"ul"},"_links":{"self":[{"href":"https:\/\/www.bednar.com\/pl\/wp-json\/wp\/v2\/pages\/404466","targetHints":{"allow":["GET"]}}],"collection":[{"href":"https:\/\/www.bednar.com\/pl\/wp-json\/wp\/v2\/pages"}],"about":[{"href":"https:\/\/www.bednar.com\/pl\/wp-json\/wp\/v2\/types\/page"}],"author":[{"embeddable":true,"href":"https:\/\/www.bednar.com\/pl\/wp-json\/wp\/v2\/users\/2"}],"replies":[{"embeddable":true,"href":"https:\/\/www.bednar.com\/pl\/wp-json\/wp\/v2\/comments?post=404466"}],"version-history":[{"count":4,"href":"https:\/\/www.bednar.com\/pl\/wp-json\/wp\/v2\/pages\/404466\/revisions"}],"predecessor-version":[{"id":420849,"href":"https:\/\/www.bednar.com\/pl\/wp-json\/wp\/v2\/pages\/404466\/revisions\/420849"}],"wp:attachment":[{"href":"https:\/\/www.bednar.com\/pl\/wp-json\/wp\/v2\/media?parent=404466"}],"curies":[{"name":"wp","href":"https:\/\/api.w.org\/{rel}","templated":true}]}}