{"id":357222,"date":"2021-02-18T11:34:58","date_gmt":"2021-02-18T10:34:58","guid":{"rendered":"https:\/\/www.bednar.com\/inter-row-line-cultivation\/"},"modified":"2024-03-21T10:01:11","modified_gmt":"2024-03-21T09:01:11","slug":"inter-row-line-cultivation","status":"publish","type":"page","link":"https:\/\/www.bednar.com\/pl\/uprawa-miedzyrzedowa\/","title":{"rendered":"Uprawa mi\u0119dzyrz\u0119dowa"},"content":{"rendered":"","protected":false},"excerpt":{"rendered":"<p>Spulchnienie mi\u0119dzyrz\u0119dowe burak\u00f3w cukrowych, s\u0142onecznika czy kukurydzy ma pozytywny wp\u0142yw na ro\u015bliny reaguj\u0105ce na upraw\u0119 mi\u0119dzyrz\u0119dow\u0105 w okresie wegetacji, a mianowicie dzi\u0119ki eliminacji zaskorupienia gleby, kt\u00f3re blokuje dost\u0119p do powietrza i wody. Uprawa pasowa to doskona\u0142e rozwi\u0105zanie do zak\u0142adania upraw szerokorz\u0119dowych i spe\u0142nienia nowych rozwi\u0105za\u0144 rolniczych.<\/p>\n","protected":false},"author":3,"featured_media":0,"parent":0,"menu_order":0,"comment_status":"closed","ping_status":"closed","template":"","meta":{"_acf_changed":false,"footnotes":""},"class_list":["post-357222","page","type-page","status-publish","hentry"],"acf":{"item-bg":425962,"item-bg_kop\u00edrovat":false,"item-bg-mobile":false,"item-youtube":"","item-title":"","fixed-title":"Uprawa mi\u0119dzyrz\u0119dowa","item-desc":"","item-mach-desc":"","item-mach-config":"","item-mach-down":"","item-align":false,"item-code":"&nbsp;","google-map":"","disable-header":false,"main-content":[{"acf_fc_layout":"section-fixed-submenu","h1-title":true},{"acf_fc_layout":"section-title-anchor","item-title":"Mezi\u0159\u00e1dkov\u00e1 kultivace","item-desc":"","disable-section":false},{"acf_fc_layout":"section-title","item-title":"","item-desc":"<p>Przed herbicydami odchwaszczanie by\u0142o nieodzown\u0105 operacj\u0105 mechanicznego usuwania chwast\u00f3w w uprawach kukurydzy czy burak\u00f3w cukrowych. Wykorzystanie tej operacji roboczej stopniowo mala\u0142o wraz z rozwojem stosowania preparat\u00f3w chemicznych. Obecnie coraz powszechniejsze staje si\u0119 odchwaszczanie, zw\u0142aszcza ze wzgl\u0119du na przepisy prawne i zmiany w stosowaniu preparat\u00f3w chemicznych.<\/p>\n","item-mach-par":false},{"acf_fc_layout":"section-content","item-icon":false,"item-subtitle":"","item-title":"ODCHWASZCZANIE PONOWNIE STA\u0141O SI\u0118 TRENDEM","item-photo":352325,"item-video-id":"","item-content":"<p>Uprawa mi\u0119dzyrz\u0119dowa jest najcz\u0119\u015bciej stosowana w uprawach kukurydzy, s\u0142onecznika lub burak\u00f3w cukrowych, ale popularna staje si\u0119 r\u00f3wnie\u017c uprawa chwast\u00f3w rzepaku i soi. W niedalekiej przysz\u0142o\u015bci odchwaszczanie b\u0119dzie stosowane jako metoda mechanicznej eliminacji chwast\u00f3w r\u00f3wnie\u017c w uprawach zb\u00f3\u017c, kt\u00f3re b\u0119d\u0105 uprawiane z wi\u0119kszym rozstawem mi\u0119dzyrz\u0119dzi lub w systemach dwurz\u0119dowych z wykorzystaniem uprawy pasowej. Kultywatory mi\u0119dzyrz\u0119dowe ROW-MASTER<\/p>\n","item-button":"ROW-MASTER Uprawa mi\u0119dzyrz\u0119dowa","item-button-url":"","item-button-url-int":412675,"item-button-class":"","tabs":false,"toggles":false,"gallery":false},{"acf_fc_layout":"section-content","item-icon":false,"item-subtitle":"","item-title":"JAKIE S\u0104 ZALETY ODCHWASZCZANIA?","item-photo":352328,"item-video-id":"","item-content":"<p>Odchwaszczanie poprawia w\u0142a\u015bciwo\u015bci fizyczne pobierania sk\u0142adnik\u00f3w pokarmowych do gleby przez ro\u015bliny oraz tym samym ich kondycj\u0119. W kukurydzy ma znaczny wp\u0142yw na zwi\u0119kszenie biomasy nadziemnej. Spulchnianie mi\u0119dzyrz\u0119dowe dzia\u0142a odchwaszczaj\u0105co, co zmniejsza potrzeb\u0119 stosowania herbicyd\u00f3w i idzie w parze z trendami rolnictwa ekologicznego.<\/p>\n","item-button":"","item-button-url":"","item-button-url-int":false,"item-button-class":"","tabs":false,"toggles":false,"gallery":false},{"acf_fc_layout":"section-content","item-icon":false,"item-subtitle":"","item-title":"UPRAWY MI\u0118DZYRZ\u0118DOWE PRZECIW CHWASTOM BURAK\u00d3W","item-photo":425948,"item-video-id":"","item-content":"<p>Jedynym sposobem na usuni\u0119cie chwast\u00f3w z plonu burak\u00f3w cukrowych jest ich mechaniczna eliminacja za pomoc\u0105 pielnika. Kultywacja mi\u0119dzyrz\u0119dowa ma r\u00f3wnie\u017c wp\u0142yw na ochron\u0119 gleby. Spulchniona warstwa gleby w mi\u0119dzyrz\u0119dziach zapobiega szybkiemu odp\u0142ywowi w\u00f3d powierzchniowych i zmniejsza ryzyko erozji wodnej i powietrznej. Podczas odchwaszczania mo\u017cna stosowa\u0107 nawozy p\u0142ynne lub sta\u0142e, poprawiaj\u0105c w ten spos\u00f3b og\u00f3lny stan upraw.<\/p>\n<p>\u201eMECHANICZNE USUWANIE CHWAST\u00d3W JEST JEDN\u0104 Z MO\u017bLIWO\u015aCI OSZCZ\u0118DZENIA ZNACZ\u0104CYCH \u015aRODK\u00d3W FINANSOWYCH WYDAWANYCH NA PREPARATY CHEMICZNE.\u201d<\/p>\n","item-button":"","item-button-url":"","item-button-url-int":false,"item-button-class":"","tabs":false,"toggles":false,"gallery":false},{"acf_fc_layout":"section-title-anchor","item-title":"P\u016fdoochrann\u00e9 zpracov\u00e1n\u00ed p\u016fdy","item-desc":"","disable-section":false},{"acf_fc_layout":"section-title","item-title":"","item-desc":"<p>Rolnicy zawsze d\u0105\u017cyli do stworzenia jak najlepszych warunk\u00f3w do zak\u0142adania wysokiej jako\u015bci plon\u00f3w i i zr\u00f3wnowa\u017conego wzrostu podczas uprawy gleby. W praktyce cz\u0119sto mo\u017cemy zaobserwowa\u0107 dobrze uprawian\u0105 gleb\u0119 o drobnej strukturze wierzchniej warstwy gleby z minimalnymi grudkami i bez wi\u0119kszych cz\u0105stek gleby. Niekt\u00f3rzy rolnicy nadal uwa\u017caj\u0105, \u017ce niemo\u017cliwe jest za\u0142o\u017cenie plon\u00f3w na \u017cadnej innej glebie ni\u017c na tej uprawianej i prawie \u201epylistej\u201d glebie.<br \/>\nAle jest odwrotnie; Stopniowe zmiany w agrotechnice i sposobie siewu, prawodawstwo w zakresie post\u0119powania z chemicznymi \u015brodkami ochrony ro\u015blin oraz presja na zmniejszenie ryzyka erozji gleby pokaza\u0142y, \u017ce przysz\u0142\u0105 tendencj\u0105 jest ochrona gleby, czyli ograniczenie uprawy gleby.<\/p>\n","item-mach-par":false},{"acf_fc_layout":"section-content","item-icon":false,"item-subtitle":"","item-title":"UPRAWA GLEBY STRIP-TILL","item-photo":531095,"item-video-id":"","item-content":"<p>Technologia uprawy pasowej opiera si\u0119 na przygotowaniu w\u0105skich pas\u00f3w, w kt\u00f3rych zak\u0142adane s\u0105 uprawy szerokorz\u0119dowe. Technologia ta jest najcz\u0119\u015bciej stosowana w uprawie gleby pod siew kukurydzy, s\u0142onecznika, burak\u00f3w cukrowych, rzepaku czy soi. Jednak to tylko kwestia czasu, kiedy ta technologia zostanie wykorzystana r\u00f3wnie\u017c do przygotowania gleby przed wysiewem zb\u00f3\u017c w dw\u00f3ch lub szerokich rz\u0119dach.<br \/>\nPasy s\u0105 zwykle obrabiane jesieni\u0105 w odst\u0119pach mi\u0119dzy rz\u0119dami 45\/50 lub 75\/80 centymetr\u00f3w. Maszyny odpowiednie do uprawy pasowej obejmuj\u0105 kultywator STRIP-MASTER EN o maksymalnej g\u0142\u0119boko\u015bci roboczej 35 cm lub kultywatory TERRASTRIP ZN przeznaczone do g\u0142\u0119bokiej uprawy pasowej o g\u0142\u0119boko\u015bci roboczej do 55 cm do jesiennej uprawy gleby.<\/p>\n","item-button":"Kultywatory do uprawy pasowej","item-button-url":"","item-button-url-int":321256,"item-button-class":"","tabs":false,"toggles":false,"gallery":false},{"acf_fc_layout":"section-content","item-icon":false,"item-subtitle":"","item-title":"JAKIE S\u0104 KORZY\u015aCI Z TECHNOLOGII STRIP-TILL?","item-photo":417241,"item-video-id":"","item-content":"<p>Korzy\u015bci wynikaj\u0105ce z uprawy pasowej obejmuj\u0105 szybsze nagrzewanie obrobionych pas\u00f3w przez s\u0142o\u0144ce, napowietrzenie gleby, zmniejszon\u0105 erozj\u0119, lepsz\u0105 absorpcj\u0119 wody w glebie w por\u00f3wnaniu z siewem bezpo\u015brednim oraz oszcz\u0119dno\u015b\u0107 koszt\u00f3w w postaci celowego stosowania nawozu przetworzonych pas\u00f3w.<br \/>\nUtworzone mi\u0119dzyrz\u0119dzia pomi\u0119dzy poszczeg\u00f3lnymi pasami maj\u0105 pozytywny wp\u0142yw na stan gleby. Nieobrobione mi\u0119dzyrz\u0119dy utrzymuj\u0105 wilgotno\u015b\u0107 gleby i zapobiegaj\u0105 jej szybkiemu odparowaniu, efekt ten jest jeszcze wi\u0119kszy, gdy mi\u0119dzyrz\u0119dzia pokryte s\u0105 warstw\u0105 resztek po\u017cniwnych lub wyst\u0119puje mi\u0119dzyplon. Ponadto nieprzetworzone rz\u0119dy dzia\u0142aj\u0105 r\u00f3wnie\u017c jako bariera zapobiegaj\u0105ca szybkiemu rozwojowi chwast\u00f3w, poniewa\u017c tworz\u0105 konkurencyjne \u015brodowisko.<\/p>\n","item-button":"","item-button-url":"","item-button-url-int":321256,"item-button-class":"","tabs":false,"toggles":false,"gallery":false},{"acf_fc_layout":"section-content","item-icon":false,"item-subtitle":"","item-title":"G\u0141\u0118BOKA UPRAWA GLEBY BEZ AKTYWNEGO MIESZANIA","item-photo":357265,"item-video-id":"","item-content":"<p>Metoda TERRASTRIP to rolnicza metoda opracowana przez firm\u0119 BEDNAR. Przetwarza gleb\u0119 na g\u0142\u0119bszym poziomie ni\u017c standardowa metoda strip-till. W por\u00f3wnaniu ze standardow\u0105 metod\u0105 strip-till, metoda TERRASTRIP daje znacznie lepsze wyniki, szczeg\u00f3lnie w przypadku kukurydzy. Pasy uprawia si\u0119 na g\u0142\u0119bszym poziomie do 55 cm. W rezultacie kukurydza ma wi\u0119ksze zaopatrzenie w wilgo\u0107 gruntu, zw\u0142aszcza na obszarach suchych. Metoda TERRASTRIP okaza\u0142a si\u0119 r\u00f3wnie\u017c korzystna dla tych, kt\u00f3rzy uprawiaj\u0105 buraki cukrowe.<\/p>\n","item-button":"BEDNAR TERRASTRIP","item-button-url":"","item-button-url-int":412026,"item-button-class":"","tabs":false,"toggles":false,"gallery":false},{"acf_fc_layout":"section-full-image","item-photo":357267},{"acf_fc_layout":"section-title-anchor","item-title":"Vyberte si stroj dle va\u0161ich po\u017eadavk\u016f","item-desc":"","disable-section":false},{"acf_fc_layout":"section-filter-kultivace"}],"nav-main-cat":false,"nav-sub-cat":false,"_aviaLayoutBuilderCleanData":"","page-type":"cat","pageGroup":"","post-new-website":false},"rankMath":{"parentDomain":"www.bednar.com","noFollowDomains":[],"noFollowExcludeDomains":[],"noFollowExternalLinks":false,"featuredImageNotice":"Prezentowany obraz powinien mie\u0107 co najmniej 200 na 200 pikseli, aby m\u00f3g\u0142 go pobra\u0107 Facebook i inne serwisy spo\u0142eczno\u015bciowe.","pluginReviewed":true,"postSettings":{"linkSuggestions":true,"useFocusKeyword":false},"frontEndScore":false,"postName":"inter-row-line-cultivation","permalinkFormat":"https:\/\/www.bednar.com\/pl\/uprawa-miedzyrzedowa\/","showLockModifiedDate":true,"assessor":{"focusKeywordLink":"https:\/\/www.bednar.com\/wp-admin\/edit.php?focus_keyword=%focus_keyword%&post_type=%post_type%","hasTOCPlugin":false,"primaryTaxonomy":false,"serpData":{"title":"","description":"","focusKeywords":"","pillarContent":false,"canonicalUrl":"","breadcrumbTitle":"","advancedRobots":{"max-snippet":"-1","max-video-preview":"-1","max-image-preview":"large"},"facebookTitle":"","facebookDescription":"","facebookImage":"","facebookImageID":"","facebookHasOverlay":false,"facebookImageOverlay":"play","facebookAuthor":"","twitterCardType":"summary_large_image","twitterUseFacebook":true,"twitterTitle":"","twitterDescription":"","twitterImage":"","twitterImageID":"","twitterHasOverlay":false,"twitterImageOverlay":"play","twitterPlayerUrl":"","twitterPlayerSize":"","twitterPlayerStream":"","twitterPlayerStreamCtype":"","twitterAppDescription":"","twitterAppIphoneName":"","twitterAppIphoneID":"","twitterAppIphoneUrl":"","twitterAppIpadName":"","twitterAppIpadID":"","twitterAppIpadUrl":"","twitterAppGoogleplayName":"","twitterAppGoogleplayID":"","twitterAppGoogleplayUrl":"","twitterAppCountry":"","robots":{"index":true},"twitterAuthor":"u\u017cytkownik","primaryTerm":0,"authorName":"Tereza Kalinov\u00e1","titleTemplate":"%title% %sep% %sitename%","descriptionTemplate":"%excerpt%","showScoreFrontend":true,"lockModifiedDate":false},"powerWords":[],"diacritics":{"A":"[\\u0041\\u24B6\\uFF21\\u00C0\\u00C1\\u00C2\\u1EA6\\u1EA4\\u1EAA\\u1EA8\\u00C3\\u0100\\u0102\\u1EB0\\u1EAE\\u1EB4\\u1EB2\\u0226\\u01E0\\u00C4\\u01DE\\u1EA2\\u00C5\\u01FA\\u01CD\\u0200\\u0202\\u1EA0\\u1EAC\\u1EB6\\u1E00\\u0104\\u023A\\u2C6F]","AA":"[\\uA732]","AE":"[\\u00C6\\u01FC\\u01E2]","AO":"[\\uA734]","AU":"[\\uA736]","AV":"[\\uA738\\uA73A]","AY":"[\\uA73C]","B":"[\\u0042\\u24B7\\uFF22\\u1E02\\u1E04\\u1E06\\u0243\\u0182\\u0181]","C":"[\\u0043\\u24B8\\uFF23\\u0106\\u0108\\u010A\\u010C\\u00C7\\u1E08\\u0187\\u023B\\uA73E]","D":"[\\u0044\\u24B9\\uFF24\\u1E0A\\u010E\\u1E0C\\u1E10\\u1E12\\u1E0E\\u0110\\u018B\\u018A\\u0189\\uA779]","DZ":"[\\u01F1\\u01C4]","Dz":"[\\u01F2\\u01C5]","E":"[\\u0045\\u24BA\\uFF25\\u00C8\\u00C9\\u00CA\\u1EC0\\u1EBE\\u1EC4\\u1EC2\\u1EBC\\u0112\\u1E14\\u1E16\\u0114\\u0116\\u00CB\\u1EBA\\u011A\\u0204\\u0206\\u1EB8\\u1EC6\\u0228\\u1E1C\\u0118\\u1E18\\u1E1A\\u0190\\u018E]","F":"[\\u0046\\u24BB\\uFF26\\u1E1E\\u0191\\uA77B]","G":"[\\u0047\\u24BC\\uFF27\\u01F4\\u011C\\u1E20\\u011E\\u0120\\u01E6\\u0122\\u01E4\\u0193\\uA7A0\\uA77D\\uA77E]","H":"[\\u0048\\u24BD\\uFF28\\u0124\\u1E22\\u1E26\\u021E\\u1E24\\u1E28\\u1E2A\\u0126\\u2C67\\u2C75\\uA78D]","I":"[\\u0049\\u24BE\\uFF29\\u00CC\\u00CD\\u00CE\\u0128\\u012A\\u012C\\u0130\\u00CF\\u1E2E\\u1EC8\\u01CF\\u0208\\u020A\\u1ECA\\u012E\\u1E2C\\u0197]","J":"[\\u004A\\u24BF\\uFF2A\\u0134\\u0248]","K":"[\\u004B\\u24C0\\uFF2B\\u1E30\\u01E8\\u1E32\\u0136\\u1E34\\u0198\\u2C69\\uA740\\uA742\\uA744\\uA7A2]","L":"[\\u004C\\u24C1\\uFF2C\\u013F\\u0139\\u013D\\u1E36\\u1E38\\u013B\\u1E3C\\u1E3A\\u0141\\u023D\\u2C62\\u2C60\\uA748\\uA746\\uA780]","LJ":"[\\u01C7]","Lj":"[\\u01C8]","M":"[\\u004D\\u24C2\\uFF2D\\u1E3E\\u1E40\\u1E42\\u2C6E\\u019C]","N":"[\\u004E\\u24C3\\uFF2E\\u01F8\\u0143\\u00D1\\u1E44\\u0147\\u1E46\\u0145\\u1E4A\\u1E48\\u0220\\u019D\\uA790\\uA7A4]","NJ":"[\\u01CA]","Nj":"[\\u01CB]","O":"[\\u004F\\u24C4\\uFF2F\\u00D2\\u00D3\\u00D4\\u1ED2\\u1ED0\\u1ED6\\u1ED4\\u00D5\\u1E4C\\u022C\\u1E4E\\u014C\\u1E50\\u1E52\\u014E\\u022E\\u0230\\u00D6\\u022A\\u1ECE\\u0150\\u01D1\\u020C\\u020E\\u01A0\\u1EDC\\u1EDA\\u1EE0\\u1EDE\\u1EE2\\u1ECC\\u1ED8\\u01EA\\u01EC\\u00D8\\u01FE\\u0186\\u019F\\uA74A\\uA74C]","OI":"[\\u01A2]","OO":"[\\uA74E]","OU":"[\\u0222]","P":"[\\u0050\\u24C5\\uFF30\\u1E54\\u1E56\\u01A4\\u2C63\\uA750\\uA752\\uA754]","Q":"[\\u0051\\u24C6\\uFF31\\uA756\\uA758\\u024A]","R":"[\\u0052\\u24C7\\uFF32\\u0154\\u1E58\\u0158\\u0210\\u0212\\u1E5A\\u1E5C\\u0156\\u1E5E\\u024C\\u2C64\\uA75A\\uA7A6\\uA782]","S":"[\\u0053\\u24C8\\uFF33\\u1E9E\\u015A\\u1E64\\u015C\\u1E60\\u0160\\u1E66\\u1E62\\u1E68\\u0218\\u015E\\u2C7E\\uA7A8\\uA784]","T":"[\\u0054\\u24C9\\uFF34\\u1E6A\\u0164\\u1E6C\\u021A\\u0162\\u1E70\\u1E6E\\u0166\\u01AC\\u01AE\\u023E\\uA786]","TZ":"[\\uA728]","U":"[\\u0055\\u24CA\\uFF35\\u00D9\\u00DA\\u00DB\\u0168\\u1E78\\u016A\\u1E7A\\u016C\\u00DC\\u01DB\\u01D7\\u01D5\\u01D9\\u1EE6\\u016E\\u0170\\u01D3\\u0214\\u0216\\u01AF\\u1EEA\\u1EE8\\u1EEE\\u1EEC\\u1EF0\\u1EE4\\u1E72\\u0172\\u1E76\\u1E74\\u0244]","V":"[\\u0056\\u24CB\\uFF36\\u1E7C\\u1E7E\\u01B2\\uA75E\\u0245]","VY":"[\\uA760]","W":"[\\u0057\\u24CC\\uFF37\\u1E80\\u1E82\\u0174\\u1E86\\u1E84\\u1E88\\u2C72]","X":"[\\u0058\\u24CD\\uFF38\\u1E8A\\u1E8C]","Y":"[\\u0059\\u24CE\\uFF39\\u1EF2\\u00DD\\u0176\\u1EF8\\u0232\\u1E8E\\u0178\\u1EF6\\u1EF4\\u01B3\\u024E\\u1EFE]","Z":"[\\u005A\\u24CF\\uFF3A\\u0179\\u1E90\\u017B\\u017D\\u1E92\\u1E94\\u01B5\\u0224\\u2C7F\\u2C6B\\uA762]","a":"[\\u0061\\u24D0\\uFF41\\u1E9A\\u00E0\\u00E1\\u00E2\\u1EA7\\u1EA5\\u1EAB\\u1EA9\\u00E3\\u0101\\u0103\\u1EB1\\u1EAF\\u1EB5\\u1EB3\\u0227\\u01E1\\u00E4\\u01DF\\u1EA3\\u00E5\\u01FB\\u01CE\\u0201\\u0203\\u1EA1\\u1EAD\\u1EB7\\u1E01\\u0105\\u2C65\\u0250]","aa":"[\\uA733]","ae":"[\\u00E6\\u01FD\\u01E3]","ao":"[\\uA735]","au":"[\\uA737]","av":"[\\uA739\\uA73B]","ay":"[\\uA73D]","b":"[\\u0062\\u24D1\\uFF42\\u1E03\\u1E05\\u1E07\\u0180\\u0183\\u0253]","c":"[\\u0063\\u24D2\\uFF43\\u0107\\u0109\\u010B\\u010D\\u00E7\\u1E09\\u0188\\u023C\\uA73F\\u2184]","d":"[\\u0064\\u24D3\\uFF44\\u1E0B\\u010F\\u1E0D\\u1E11\\u1E13\\u1E0F\\u0111\\u018C\\u0256\\u0257\\uA77A]","dz":"[\\u01F3\\u01C6]","e":"[\\u0065\\u24D4\\uFF45\\u00E8\\u00E9\\u00EA\\u1EC1\\u1EBF\\u1EC5\\u1EC3\\u1EBD\\u0113\\u1E15\\u1E17\\u0115\\u0117\\u00EB\\u1EBB\\u011B\\u0205\\u0207\\u1EB9\\u1EC7\\u0229\\u1E1D\\u0119\\u1E19\\u1E1B\\u0247\\u025B\\u01DD]","f":"[\\u0066\\u24D5\\uFF46\\u1E1F\\u0192\\uA77C]","g":"[\\u0067\\u24D6\\uFF47\\u01F5\\u011D\\u1E21\\u011F\\u0121\\u01E7\\u0123\\u01E5\\u0260\\uA7A1\\u1D79\\uA77F]","h":"[\\u0068\\u24D7\\uFF48\\u0125\\u1E23\\u1E27\\u021F\\u1E25\\u1E29\\u1E2B\\u1E96\\u0127\\u2C68\\u2C76\\u0265]","hv":"[\\u0195]","i":"[\\u0069\\u24D8\\uFF49\\u00EC\\u00ED\\u00EE\\u0129\\u012B\\u012D\\u00EF\\u1E2F\\u1EC9\\u01D0\\u0209\\u020B\\u1ECB\\u012F\\u1E2D\\u0268\\u0131]","j":"[\\u006A\\u24D9\\uFF4A\\u0135\\u01F0\\u0249]","k":"[\\u006B\\u24DA\\uFF4B\\u1E31\\u01E9\\u1E33\\u0137\\u1E35\\u0199\\u2C6A\\uA741\\uA743\\uA745\\uA7A3]","l":"[\\u006C\\u24DB\\uFF4C\\u0140\\u013A\\u013E\\u1E37\\u1E39\\u013C\\u1E3D\\u1E3B\\u017F\\u0142\\u019A\\u026B\\u2C61\\uA749\\uA781\\uA747]","lj":"[\\u01C9]","m":"[\\u006D\\u24DC\\uFF4D\\u1E3F\\u1E41\\u1E43\\u0271\\u026F]","n":"[\\u006E\\u24DD\\uFF4E\\u01F9\\u0144\\u00F1\\u1E45\\u0148\\u1E47\\u0146\\u1E4B\\u1E49\\u019E\\u0272\\u0149\\uA791\\uA7A5]","nj":"[\\u01CC]","o":"[\\u006F\\u24DE\\uFF4F\\u00F2\\u00F3\\u00F4\\u1ED3\\u1ED1\\u1ED7\\u1ED5\\u00F5\\u1E4D\\u022D\\u1E4F\\u014D\\u1E51\\u1E53\\u014F\\u022F\\u0231\\u00F6\\u022B\\u1ECF\\u0151\\u01D2\\u020D\\u020F\\u01A1\\u1EDD\\u1EDB\\u1EE1\\u1EDF\\u1EE3\\u1ECD\\u1ED9\\u01EB\\u01ED\\u00F8\\u01FF\\u0254\\uA74B\\uA74D\\u0275]","oi":"[\\u01A3]","ou":"[\\u0223]","oo":"[\\uA74F]","p":"[\\u0070\\u24DF\\uFF50\\u1E55\\u1E57\\u01A5\\u1D7D\\uA751\\uA753\\uA755]","q":"[\\u0071\\u24E0\\uFF51\\u024B\\uA757\\uA759]","r":"[\\u0072\\u24E1\\uFF52\\u0155\\u1E59\\u0159\\u0211\\u0213\\u1E5B\\u1E5D\\u0157\\u1E5F\\u024D\\u027D\\uA75B\\uA7A7\\uA783]","s":"[\\u0073\\u24E2\\uFF53\\u015B\\u1E65\\u015D\\u1E61\\u0161\\u1E67\\u1E63\\u1E69\\u0219\\u015F\\u023F\\uA7A9\\uA785\\u1E9B]","ss":"[\\u00DF]","t":"[\\u0074\\u24E3\\uFF54\\u1E6B\\u1E97\\u0165\\u1E6D\\u021B\\u0163\\u1E71\\u1E6F\\u0167\\u01AD\\u0288\\u2C66\\uA787]","tz":"[\\uA729]","u":"[\\u0075\\u24E4\\uFF55\\u00F9\\u00FA\\u00FB\\u0169\\u1E79\\u016B\\u1E7B\\u016D\\u00FC\\u01DC\\u01D8\\u01D6\\u01DA\\u1EE7\\u016F\\u0171\\u01D4\\u0215\\u0217\\u01B0\\u1EEB\\u1EE9\\u1EEF\\u1EED\\u1EF1\\u1EE5\\u1E73\\u0173\\u1E77\\u1E75\\u0289]","v":"[\\u0076\\u24E5\\uFF56\\u1E7D\\u1E7F\\u028B\\uA75F\\u028C]","vy":"[\\uA761]","w":"[\\u0077\\u24E6\\uFF57\\u1E81\\u1E83\\u0175\\u1E87\\u1E85\\u1E98\\u1E89\\u2C73]","x":"[\\u0078\\u24E7\\uFF58\\u1E8B\\u1E8D]","y":"[\\u0079\\u24E8\\uFF59\\u1EF3\\u00FD\\u0177\\u1EF9\\u0233\\u1E8F\\u00FF\\u1EF7\\u1E99\\u1EF5\\u01B4\\u024F\\u1EFF]","z":"[\\u007A\\u24E9\\uFF5A\\u017A\\u1E91\\u017C\\u017E\\u1E93\\u1E95\\u01B6\\u0225\\u0240\\u2C6C\\uA763]"},"researchesTests":["contentHasTOC","contentHasShortParagraphs","contentHasAssets","keywordInTitle","keywordInMetaDescription","keywordInPermalink","keywordIn10Percent","keywordInContent","keywordInSubheadings","keywordInImageAlt","keywordDensity","keywordNotUsed","lengthContent","lengthPermalink","linksHasInternal","linksHasExternals","linksNotAllExternals","titleStartWithKeyword","titleSentiment","titleHasPowerWords","titleHasNumber","hasContentAI"],"hasRedirection":true,"hasBreadcrumb":false},"homeUrl":"https:\/\/www.bednar.com\/pl\/","objectID":357222,"objectType":"post","locale":"pl","localeFull":"pl_PL","overlayImages":{"play":{"name":"Ikona PLAY","url":"https:\/\/www.bednar.com\/wp-content\/plugins\/seo-by-rank-math\/assets\/admin\/img\/icon-play.png","path":"\/var\/www\/html\/wp-content\/plugins\/seo-by-rank-math\/assets\/admin\/img\/icon-play.png","position":"middle_center"},"gif":{"name":"Ikona GIF","url":"https:\/\/www.bednar.com\/wp-content\/plugins\/seo-by-rank-math\/assets\/admin\/img\/icon-gif.png","path":"\/var\/www\/html\/wp-content\/plugins\/seo-by-rank-math\/assets\/admin\/img\/icon-gif.png","position":"middle_center"}},"defautOgImage":"https:\/\/www.bednar.com\/wp-content\/plugins\/seo-by-rank-math\/assets\/admin\/img\/social-placeholder.jpg","customPermalinks":true,"isUserRegistered":true,"autoSuggestKeywords":true,"connectSiteUrl":"https:\/\/rankmath.com\/auth?site=https%3A%2F%2Fwww.bednar.com%2Fpl%2F&r=https%3A%2F%2Fwww.bednar.com%2Fpl%2Fwp-json%2Fwp%2Fv2%2Fpages%2F357222%3Fnonce%3D4db3fb026f","maxTags":5,"trendsIcon":"<svg viewBox=\"0 0 610 610\"><path d=\"M18.85,446,174.32,290.48l58.08,58.08L76.93,504a14.54,14.54,0,0,1-20.55,0L18.83,466.48a14.54,14.54,0,0,1,0-20.55Z\" style=\"fill:#4285f4\"\/><path d=\"M242.65,242.66,377.59,377.6l-47.75,47.75a14.54,14.54,0,0,1-20.55,0L174.37,290.43l47.75-47.75A14.52,14.52,0,0,1,242.65,242.66Z\" style=\"fill:#ea4335\"\/><polygon points=\"319.53 319.53 479.26 159.8 537.34 217.88 377.61 377.62 319.53 319.53\" style=\"fill:#fabb05\"\/><path d=\"M594.26,262.73V118.61h0a16.94,16.94,0,0,0-16.94-16.94H433.2a16.94,16.94,0,0,0-12,28.92L565.34,274.71h0a16.94,16.94,0,0,0,28.92-12Z\" style=\"fill:#34a853\"\/><rect width=\"610\" height=\"610\" style=\"fill:none\"\/><\/svg>","showScore":true,"siteFavIcon":"https:\/\/www.bednar.com\/wp-content\/uploads\/cropped-favicon_bednar-32x32.png","canUser":{"general":false,"advanced":false,"snippet":false,"social":false,"analysis":false,"analytics":false,"content_ai":false},"showKeywordIntent":true,"isPro":false,"is_front_page":false,"trendsUpgradeLink":"https:\/\/rankmath.com\/pricing\/?utm_source=Plugin&utm_medium=CE%20General%20Tab%20Trends&utm_campaign=WP","trendsUpgradeLabel":"Ulepszenie","trendsPreviewImage":"https:\/\/www.bednar.com\/wp-content\/plugins\/seo-by-rank-math\/assets\/admin\/img\/trends-preview.jpg","currentEditor":false,"homepageData":{"assessor":{"powerWords":[],"diacritics":true,"researchesTests":["contentHasTOC","contentHasShortParagraphs","contentHasAssets","keywordInTitle","keywordInMetaDescription","keywordInPermalink","keywordIn10Percent","keywordInContent","keywordInSubheadings","keywordInImageAlt","keywordDensity","keywordNotUsed","lengthContent","lengthPermalink","linksHasInternal","linksHasExternals","linksNotAllExternals","titleStartWithKeyword","titleSentiment","titleHasPowerWords","titleHasNumber","hasContentAI"],"hasBreadcrumb":false,"serpData":{"title":"%sitename% %page% %sep% %sitedesc%","description":"","titleTemplate":"%sitename% %page% %sep% %sitedesc%","descriptionTemplate":"","focusKeywords":"","breadcrumbTitle":"Home","robots":{"index":true},"advancedRobots":{"max-snippet":"-1","max-video-preview":"-1","max-image-preview":"large"},"facebookTitle":"","facebookDescription":"","facebookImage":"","facebookImageID":""}}},"tocTitle":"Table of Contents","tocExcludeHeadings":[],"listStyle":"ul"},"_links":{"self":[{"href":"https:\/\/www.bednar.com\/pl\/wp-json\/wp\/v2\/pages\/357222","targetHints":{"allow":["GET"]}}],"collection":[{"href":"https:\/\/www.bednar.com\/pl\/wp-json\/wp\/v2\/pages"}],"about":[{"href":"https:\/\/www.bednar.com\/pl\/wp-json\/wp\/v2\/types\/page"}],"author":[{"embeddable":true,"href":"https:\/\/www.bednar.com\/pl\/wp-json\/wp\/v2\/users\/3"}],"replies":[{"embeddable":true,"href":"https:\/\/www.bednar.com\/pl\/wp-json\/wp\/v2\/comments?post=357222"}],"version-history":[{"count":9,"href":"https:\/\/www.bednar.com\/pl\/wp-json\/wp\/v2\/pages\/357222\/revisions"}],"predecessor-version":[{"id":553740,"href":"https:\/\/www.bednar.com\/pl\/wp-json\/wp\/v2\/pages\/357222\/revisions\/553740"}],"wp:attachment":[{"href":"https:\/\/www.bednar.com\/pl\/wp-json\/wp\/v2\/media?parent=357222"}],"curies":[{"name":"wp","href":"https:\/\/api.w.org\/{rel}","templated":true}]}}